{"id":523,"date":"2023-02-06T17:39:56","date_gmt":"2023-02-06T17:39:56","guid":{"rendered":"https:\/\/tomato-adora.com\/allgemeine-nutzungsbedingungen\/"},"modified":"2023-02-24T13:07:58","modified_gmt":"2023-02-24T13:07:58","slug":"allgemeine-nutzungsbedingungen","status":"publish","type":"page","link":"https:\/\/tomato-adora.com\/de\/allgemeine-nutzungsbedingungen\/","title":{"rendered":"Allgemeine Nutzungsbedingungen"},"content":{"rendered":"\t\t<div data-elementor-type=\"wp-page\" data-elementor-id=\"523\" class=\"elementor elementor-523 elementor-64\" data-elementor-post-type=\"page\">\n\t\t\t\t\t\t<section class=\"elementor-section elementor-top-section elementor-element elementor-element-129d05c elementor-section-boxed elementor-section-height-default elementor-section-height-default\" data-id=\"129d05c\" data-element_type=\"section\" data-e-type=\"section\">\n\t\t\t\t\t\t<div class=\"elementor-container elementor-column-gap-default\">\n\t\t\t\t\t<div class=\"elementor-column elementor-col-100 elementor-top-column elementor-element elementor-element-1eb9f0a\" data-id=\"1eb9f0a\" data-element_type=\"column\" data-e-type=\"column\">\n\t\t\t<div class=\"elementor-widget-wrap\">\n\t\t\t\t\t\t\t<\/div>\n\t\t<\/div>\n\t\t\t\t\t<\/div>\n\t\t<\/section>\n\t\t\t\t<section class=\"elementor-section elementor-top-section elementor-element elementor-element-914a28c elementor-section-full_width elementor-section-height-default elementor-section-height-default\" data-id=\"914a28c\" data-element_type=\"section\" data-e-type=\"section\">\n\t\t\t\t\t\t<div class=\"elementor-container elementor-column-gap-default\">\n\t\t\t\t\t<div class=\"elementor-column elementor-col-100 elementor-top-column elementor-element elementor-element-a96d16b\" data-id=\"a96d16b\" data-element_type=\"column\" data-e-type=\"column\">\n\t\t\t<div class=\"elementor-widget-wrap elementor-element-populated\">\n\t\t\t\t\t\t<section class=\"elementor-section elementor-inner-section elementor-element elementor-element-d9b73f3 elementor-section-full_width elementor-section-height-default elementor-section-height-default\" data-id=\"d9b73f3\" data-element_type=\"section\" data-e-type=\"section\">\n\t\t\t\t\t\t<div class=\"elementor-container elementor-column-gap-default\">\n\t\t\t\t\t<div class=\"elementor-column elementor-col-100 elementor-inner-column elementor-element elementor-element-f296970\" data-id=\"f296970\" data-element_type=\"column\" data-e-type=\"column\">\n\t\t\t<div class=\"elementor-widget-wrap elementor-element-populated\">\n\t\t\t\t\t\t<div class=\"elementor-element elementor-element-b8b7512 elementor-widget elementor-widget-spacer\" data-id=\"b8b7512\" data-element_type=\"widget\" data-e-type=\"widget\" data-widget_type=\"spacer.default\">\n\t\t\t\t<div class=\"elementor-widget-container\">\n\t\t\t\t\t\t\t<div class=\"elementor-spacer\">\n\t\t\t<div class=\"elementor-spacer-inner\"><\/div>\n\t\t<\/div>\n\t\t\t\t\t\t<\/div>\n\t\t\t\t<\/div>\n\t\t\t\t<div class=\"elementor-element elementor-element-4f7da40 animated-slow elementor-invisible elementor-widget elementor-widget-heading\" data-id=\"4f7da40\" data-element_type=\"widget\" data-e-type=\"widget\" data-settings=\"{&quot;_animation&quot;:&quot;fadeInLeft&quot;}\" data-widget_type=\"heading.default\">\n\t\t\t\t<div class=\"elementor-widget-container\">\n\t\t\t\t\t<h1 class=\"elementor-heading-title elementor-size-default\">ALLGEMEINE<br>NUTZUNGSBEDINGUNGEN<\/h1>\t\t\t\t<\/div>\n\t\t\t\t<\/div>\n\t\t\t\t<div class=\"elementor-element elementor-element-6cde673 elementor-widget elementor-widget-text-editor\" data-id=\"6cde673\" data-element_type=\"widget\" data-e-type=\"widget\" data-widget_type=\"text-editor.default\">\n\t\t\t\t<div class=\"elementor-widget-container\">\n\t\t\t\t\t\t\t\t\t<\/p>\n<p>Herzlich willkommen auf der Website <a href=\"https:\/\/www.tomato-adora.com\">www.tomato-adora.com<\/a>. Die vorliegenden Allgemeinen Nutzungsbedingungen regeln den Zugriff und die Nutzung der Website <a href=\"https:\/\/www.tomato-adora.com\">www.tomato-adora.com<\/a> (nachstehend \u201eWebsite\u201c). Lesen Sie diese Nutzungsbedingungen vor dem Zugriff auf die Website bitte aufmerksam durch. Durch den Zugriff auf die Webseite stimmen Sie den vorliegenden Nutzungsbedingungen zu.<\/p>\n<p>HM.CLAUSE kann die vorliegenden Nutzungsbedingungen jederzeit nach eigenem Ermessen \u00e4ndern. Alle \u00c4nderungen werden mit ihrer Ver\u00f6ffentlichung auf dieser Website wirksam. Durch die weitere Nutzung dieser Webseite stimmen Sie diesen \u00c4nderungen verbindlich zu.<\/p>\n<\/p>\n<h4>Rechtliche Hinweise<\/h4>\n<p><b>Herausgeber der Website:<\/b> HM.CLAUSE S.A.S. \u2013 Gesellschaft mit einem Kapital von 10.061.492,50 Euro und Sitz in rue Louis Saillant, Zone Industrielle la Motte, 26800 Portes-l\u00e8s-Valence (Dr\u00f4me), SIREN-Nummer 435 480 546 \u2013 Handels- und Gesellschaftsregister ROMANS-SUR-ISERE (Dr\u00f4me), Telefon: + 33 (0)4-75-57-57-57<\/p>\n<p>HM.CLAUSE S.A.S., ihre Tochtergesellschaften und verbundenen Unternehmen werden im vorliegenden Dokument gemeinsam als \u201eHM.CLAUSE\u201c bezeichnet.<\/p>\n<p><b>Name des Herausgebers und Redaktionsverantwortlichen:<\/b> Jean-Fran\u00e7ois Dupuis.<\/p>\n<p><b>Betreiber der Website:<\/b> CELEONET, Agence de Lyon, 440 rue Barth\u00e9lemy Thimonnier, 69530 Brignais \u2013 Telefon: +33 (0)4 26 46 39 84<\/p>\n<p><b>Gestaltung und Umsetzung:<\/b> HORMIGUEA, LA HORMIGA DEL MARKETING S.L. \u2013 B04818563,<\/p>\n<p>Calle jard\u00edn de medina sn planta 3 puerta 2, bloque C, 04006 ALMER\u00cdA \u2013 (Spanien) Telefon: +34 950 711 472<\/p>\n<p>+ 34 950 239 366<\/p>\n<h4>Personenbezogene Daten<\/h4>\n<p>Die Website kann personenbezogene Daten gem\u00e4\u00df der Datenschutzrichtlinie der unter der <a href=\"https:\/\/tomato-adora.com\/de\/datenschutzrichtlinie\/\">Internetadresse<\/a> erreichbaren Website sowie gem\u00e4\u00df der Cookie-Richtlinie der unter der <a href=\"https:\/\/tomato-adora.com\/de\/datenschutzrichtlinie\/\">Internetadresse<\/a> erreichbaren Website erfassen. Wir empfehlen Ihnen, sich mit unserer Datenschutz- und Cookie-Richtlinie vertraut zu machen. Mit der Nutzung der Website stimmen Sie allen Ma\u00dfnahmen zu, die wir gem\u00e4\u00df unserer Datenschutzrichtlinie bez\u00fcglich Ihrer personenbezogenen Daten ergreifen.<\/p>\n<p>Der Nutzer der Website ist verpflichtet, alle geltenden gesetzlichen Bestimmungen im Zusammenhang mit personenbezogenen Daten und der Internetnutzung, deren Verletzung zivil- und\/oder strafrechtlich verfolgt wird, einzuhalten. Da es sich um namentliche Informationen handelt, zu denen er Zugang hat, darf er diese nicht erfassen, missbr\u00e4uchlich verwenden und ganz allgemein keine Handlung vornehmen, die die Privatsph\u00e4re, den Schutz personenbezogener Daten oder den Ruf einer Person verletzen kann.<\/p>\n<\/p>\n<h4>Geistige Eigentumsrechte<\/h4>\n<p>Die Inhalte der Website (darunter auch Informationen, Firmennamen, Marken, Logos, Sortenbezeichnungen, Zeichnungen, Slogans oder ganz allgemein alle Warenzeichen, Texte, Grafiken, Daten, Abbildungen, Fotos, visuellen Elemente, Datenbanken, Formen, die Website selbst sowie alle ihre Elemente) sind urheberrechtlich gesch\u00fctzt.<\/p>\n<p>Die Nutzung und\/oder Vervielf\u00e4ltigung und\/oder Darstellung dieser Firmennamen, Marken, Logos, Sortenbezeichnungen, Zeichnungen, Slogans oder ganz allgemein aller Warenzeichen, Texte, Grafiken, Daten, Abbildungen, Fotos, visuellen Elemente, Datenbanken, Formen, der Website selbst sowie aller ihrer Elemente, die auf der Website eingesehen werden k\u00f6nnen, ist ohne vorherige schriftliche Genehmigung von HM.CLAUSE ausdr\u00fccklich untersagt.<\/p>\n<p>Jede Kopie, jeder Ausdruck, jede Vervielf\u00e4ltigung, Darstellung, Adaption, Verwertung, \u00c4nderung, \u00dcbersetzung, vollst\u00e4ndige oder teilweise Verbreitung der Inhalte dieser Website, gleich auf welche Art, ist unzul\u00e4ssig und wird als F\u00e4lschung \u2013 mit Ausnahme einer Privatkopie, welche ausschlie\u00dflich f\u00fcr den privaten Gebrauch bestimmt ist \u2013 und\/oder gem\u00e4\u00df den geltenden Gesetzen oder Vorschriften als unlauterer Wettbewerbs und\/oder Piraterie gewertet.<\/p>\n<p>Die Erstellung oder Nutzung von Hyperlinks auf eine oder mehrere Seiten der Website oder auf eines ihrer Elemente ist ohne vorherige schriftliche Genehmigung von HM.CLAUSE unzul\u00e4ssig.<\/p>\n<p>Die Seite kann Hyperlinks auf andere Websites enthalten. HM.CLAUSE haftet weder f\u00fcr den Inhalt der Websites, auf die sie verlinkt und\/oder verweist, noch f\u00fcr die Verwendung dieser Websites durch den Nutzer.<\/p>\n<\/p>\n<h4>Bildnachweis<\/h4>\n<p>Alle Rechte vorbehalten \u2013 \u00a9HM.CLAUSE \u2013 Alberto Rojas \u2013 Emmanuel Georges \u2013 Martyn Thompson\u2013 Hormiguea.<\/p>\n<\/p>\n<h4>Erreichbarkeit der Website \/ Haftung<\/h4>\n<p>Alle \u00fcber diese Website zug\u00e4nglichen Informationen und Dokumente werden ohne M\u00e4ngelgew\u00e4hr und unter Vorbehalt bereitgestellt. HM.CLAUSE \u00fcbernimmt weder ausdr\u00fccklich noch stillschweigend eine Gew\u00e4hr oder Haftung f\u00fcr die Nutzung dieser Informationen. HM.CLAUSE ist f\u00fcr auf dieser Website enthaltene Ungenauigkeiten, Fehler, Auslassungen und unvollst\u00e4ndige Informationen nicht verantwortlich. HM.CLAUSE beh\u00e4lt sich das Recht vor, die Inhalte der Website jederzeit zu \u00e4ndern oder zu berichtigen. Der Nutzer tr\u00e4gt die alleinige und vollst\u00e4ndige Verantwortung f\u00fcr die Nutzung der auf der Website enthaltenen Daten und Informationen.<\/p>\n<p>HM.CLAUSE bem\u00fcht sich, den Zugriff zur Webseite aufrecht zu halten, ist jedoch keineswegs dazu verpflichtet. Der teilweise oder vollst\u00e4ndige Zugriff auf die Website kann von HM.CLAUSE auf einfachen Beschluss aufgrund von Wartungsarbeiten, Aktualisierungen oder aus sonstigen, insbesondere technischen oder rechtlichen Gr\u00fcnden, ge\u00e4ndert oder vor\u00fcbergehend oder endg\u00fcltig eingestellt werden.<\/p>\n<p>HM.CLAUSE \u00fcbernimmt keinerlei Haftung f\u00fcr diese \u00c4nderung, vor\u00fcbergehende oder endg\u00fcltig Einstellung, direkten oder indirekten Sch\u00e4den, Verluste und Beeintr\u00e4chtigungen jeglicher Art, die auf den Zugriff auf diese Website oder ihre Nutzung oder auf eine auf dieser Website erhaltene Information zur\u00fcckzuf\u00fchren sind. Alle auf dieser Website bereitgestellten Informationen, Texte, Darstellungen und Fotos sind unverbindlich und dienen lediglich der Orientierung.<\/p>\n<p>Ferner kann HM.CLAUSE f\u00fcr Sch\u00e4den aus der Infizierung der EDV-Endger\u00e4te des Nutzers mit einem Computervirus oder sonstiger Schadsoftware nicht haftbar gemacht werden. Es obliegt dem Nutzer, alle notwendigen Vorkehrungen zum Schutz gegen Viren zu ergreifen, wenn er auf die Website zugreift oder Dokumente von der Website herunterl\u00e4dt.<\/p>\n<\/p>\n<h4>Anwendbares Recht<\/h4>\n<p>Die vorliegende Website und ihre Nutzungsbedingungen unterliegen ausschlie\u00dflich franz\u00f6sischem Recht. Gerichtsstand f\u00fcr alle Streitigkeiten im Zusammenhang mit dieser Website und den rechtlichen Hinweisen ist Paris.<\/p>\n<\/p>\n<p><i>Zuletzt aktualisiert am 14\/10\/2020<\/i><\/p>\n\t\t\t\t\t\t\t\t<\/div>\n\t\t\t\t<\/div>\n\t\t\t\t<div class=\"elementor-element elementor-element-9f6b0d7 elementor-widget elementor-widget-spacer\" data-id=\"9f6b0d7\" data-element_type=\"widget\" data-e-type=\"widget\" data-widget_type=\"spacer.default\">\n\t\t\t\t<div class=\"elementor-widget-container\">\n\t\t\t\t\t\t\t<div class=\"elementor-spacer\">\n\t\t\t<div class=\"elementor-spacer-inner\"><\/div>\n\t\t<\/div>\n\t\t\t\t\t\t<\/div>\n\t\t\t\t<\/div>\n\t\t\t\t\t<\/div>\n\t\t<\/div>\n\t\t\t\t\t<\/div>\n\t\t<\/section>\n\t\t\t\t\t<\/div>\n\t\t<\/div>\n\t\t\t\t\t<\/div>\n\t\t<\/section>\n\t\t\t\t<\/div>\n\t\t","protected":false},"excerpt":{"rendered":"<p>ALLGEMEINENUTZUNGSBEDINGUNGEN Herzlich willkommen auf der Website www.tomato-adora.com. Die vorliegenden Allgemeinen Nutzungsbedingungen regeln den Zugriff und die Nutzung der Website www.tomato-adora.com (nachstehend \u201eWebsite\u201c). Lesen Sie diese Nutzungsbedingungen vor dem Zugriff auf die Website bitte aufmerksam durch. Durch den Zugriff auf die Webseite stimmen Sie den vorliegenden Nutzungsbedingungen zu. HM.CLAUSE kann die vorliegenden Nutzungsbedingungen jederzeit nach eigenem [&hellip;]<\/p>\n","protected":false},"author":1,"featured_media":0,"parent":0,"menu_order":0,"comment_status":"closed","ping_status":"closed","template":"elementor_header_footer","meta":{"footnotes":""},"class_list":["post-523","page","type-page","status-publish","hentry"],"yoast_head":"<!-- This site is optimized with the Yoast SEO plugin v27.4 - https:\/\/yoast.com\/product\/yoast-seo-wordpress\/ -->\n<title>Allgemeine Nutzungsbedingungen - Tomate adora<\/title>\n<meta name=\"robots\" content=\"index, follow, max-snippet:-1, max-image-preview:large, max-video-preview:-1\" \/>\n<link rel=\"canonical\" href=\"https:\/\/tomato-adora.com\/de\/allgemeine-nutzungsbedingungen\/\" \/>\n<meta property=\"og:locale\" content=\"de_DE\" \/>\n<meta property=\"og:type\" content=\"article\" \/>\n<meta property=\"og:title\" content=\"Allgemeine Nutzungsbedingungen - Tomate adora\" \/>\n<meta property=\"og:description\" content=\"ALLGEMEINENUTZUNGSBEDINGUNGEN Herzlich willkommen auf der Website www.tomato-adora.com. Die vorliegenden Allgemeinen Nutzungsbedingungen regeln den Zugriff und die Nutzung der Website www.tomato-adora.com (nachstehend \u201eWebsite\u201c). Lesen Sie diese Nutzungsbedingungen vor dem Zugriff auf die Website bitte aufmerksam durch. Durch den Zugriff auf die Webseite stimmen Sie den vorliegenden Nutzungsbedingungen zu. HM.CLAUSE kann die vorliegenden Nutzungsbedingungen jederzeit nach eigenem [&hellip;]\" \/>\n<meta property=\"og:url\" content=\"https:\/\/tomato-adora.com\/de\/allgemeine-nutzungsbedingungen\/\" \/>\n<meta property=\"og:site_name\" content=\"Tomate adora\" \/>\n<meta property=\"article:modified_time\" content=\"2023-02-24T13:07:58+00:00\" \/>\n<meta name=\"twitter:card\" content=\"summary_large_image\" \/>\n<meta name=\"twitter:label1\" content=\"Gesch\u00e4tzte Lesezeit\" \/>\n\t<meta name=\"twitter:data1\" content=\"4\u00a0Minuten\" \/>\n<script type=\"application\/ld+json\" class=\"yoast-schema-graph\">{\"@context\":\"https:\\\/\\\/schema.org\",\"@graph\":[{\"@type\":\"WebPage\",\"@id\":\"https:\\\/\\\/tomato-adora.com\\\/de\\\/allgemeine-nutzungsbedingungen\\\/\",\"url\":\"https:\\\/\\\/tomato-adora.com\\\/de\\\/allgemeine-nutzungsbedingungen\\\/\",\"name\":\"Allgemeine Nutzungsbedingungen - Tomate adora\",\"isPartOf\":{\"@id\":\"https:\\\/\\\/tomato-adora.com\\\/de\\\/#website\"},\"datePublished\":\"2023-02-06T17:39:56+00:00\",\"dateModified\":\"2023-02-24T13:07:58+00:00\",\"breadcrumb\":{\"@id\":\"https:\\\/\\\/tomato-adora.com\\\/de\\\/allgemeine-nutzungsbedingungen\\\/#breadcrumb\"},\"inLanguage\":\"de\",\"potentialAction\":[{\"@type\":\"ReadAction\",\"target\":[\"https:\\\/\\\/tomato-adora.com\\\/de\\\/allgemeine-nutzungsbedingungen\\\/\"]}]},{\"@type\":\"BreadcrumbList\",\"@id\":\"https:\\\/\\\/tomato-adora.com\\\/de\\\/allgemeine-nutzungsbedingungen\\\/#breadcrumb\",\"itemListElement\":[{\"@type\":\"ListItem\",\"position\":1,\"name\":\"Portada\",\"item\":\"https:\\\/\\\/tomato-adora.com\\\/de\\\/\"},{\"@type\":\"ListItem\",\"position\":2,\"name\":\"Allgemeine Nutzungsbedingungen\"}]},{\"@type\":\"WebSite\",\"@id\":\"https:\\\/\\\/tomato-adora.com\\\/de\\\/#website\",\"url\":\"https:\\\/\\\/tomato-adora.com\\\/de\\\/\",\"name\":\"Tomate adora\",\"description\":\"\",\"potentialAction\":[{\"@type\":\"SearchAction\",\"target\":{\"@type\":\"EntryPoint\",\"urlTemplate\":\"https:\\\/\\\/tomato-adora.com\\\/de\\\/?s={search_term_string}\"},\"query-input\":{\"@type\":\"PropertyValueSpecification\",\"valueRequired\":true,\"valueName\":\"search_term_string\"}}],\"inLanguage\":\"de\"}]}<\/script>\n<!-- \/ Yoast SEO plugin. -->","yoast_head_json":{"title":"Allgemeine Nutzungsbedingungen - Tomate adora","robots":{"index":"index","follow":"follow","max-snippet":"max-snippet:-1","max-image-preview":"max-image-preview:large","max-video-preview":"max-video-preview:-1"},"canonical":"https:\/\/tomato-adora.com\/de\/allgemeine-nutzungsbedingungen\/","og_locale":"de_DE","og_type":"article","og_title":"Allgemeine Nutzungsbedingungen - Tomate adora","og_description":"ALLGEMEINENUTZUNGSBEDINGUNGEN Herzlich willkommen auf der Website www.tomato-adora.com. Die vorliegenden Allgemeinen Nutzungsbedingungen regeln den Zugriff und die Nutzung der Website www.tomato-adora.com (nachstehend \u201eWebsite\u201c). Lesen Sie diese Nutzungsbedingungen vor dem Zugriff auf die Website bitte aufmerksam durch. Durch den Zugriff auf die Webseite stimmen Sie den vorliegenden Nutzungsbedingungen zu. HM.CLAUSE kann die vorliegenden Nutzungsbedingungen jederzeit nach eigenem [&hellip;]","og_url":"https:\/\/tomato-adora.com\/de\/allgemeine-nutzungsbedingungen\/","og_site_name":"Tomate adora","article_modified_time":"2023-02-24T13:07:58+00:00","twitter_card":"summary_large_image","twitter_misc":{"Gesch\u00e4tzte Lesezeit":"4\u00a0Minuten"},"schema":{"@context":"https:\/\/schema.org","@graph":[{"@type":"WebPage","@id":"https:\/\/tomato-adora.com\/de\/allgemeine-nutzungsbedingungen\/","url":"https:\/\/tomato-adora.com\/de\/allgemeine-nutzungsbedingungen\/","name":"Allgemeine Nutzungsbedingungen - Tomate adora","isPartOf":{"@id":"https:\/\/tomato-adora.com\/de\/#website"},"datePublished":"2023-02-06T17:39:56+00:00","dateModified":"2023-02-24T13:07:58+00:00","breadcrumb":{"@id":"https:\/\/tomato-adora.com\/de\/allgemeine-nutzungsbedingungen\/#breadcrumb"},"inLanguage":"de","potentialAction":[{"@type":"ReadAction","target":["https:\/\/tomato-adora.com\/de\/allgemeine-nutzungsbedingungen\/"]}]},{"@type":"BreadcrumbList","@id":"https:\/\/tomato-adora.com\/de\/allgemeine-nutzungsbedingungen\/#breadcrumb","itemListElement":[{"@type":"ListItem","position":1,"name":"Portada","item":"https:\/\/tomato-adora.com\/de\/"},{"@type":"ListItem","position":2,"name":"Allgemeine Nutzungsbedingungen"}]},{"@type":"WebSite","@id":"https:\/\/tomato-adora.com\/de\/#website","url":"https:\/\/tomato-adora.com\/de\/","name":"Tomate adora","description":"","potentialAction":[{"@type":"SearchAction","target":{"@type":"EntryPoint","urlTemplate":"https:\/\/tomato-adora.com\/de\/?s={search_term_string}"},"query-input":{"@type":"PropertyValueSpecification","valueRequired":true,"valueName":"search_term_string"}}],"inLanguage":"de"}]}},"_links":{"self":[{"href":"https:\/\/tomato-adora.com\/de\/wp-json\/wp\/v2\/pages\/523","targetHints":{"allow":["GET"]}}],"collection":[{"href":"https:\/\/tomato-adora.com\/de\/wp-json\/wp\/v2\/pages"}],"about":[{"href":"https:\/\/tomato-adora.com\/de\/wp-json\/wp\/v2\/types\/page"}],"author":[{"embeddable":true,"href":"https:\/\/tomato-adora.com\/de\/wp-json\/wp\/v2\/users\/1"}],"replies":[{"embeddable":true,"href":"https:\/\/tomato-adora.com\/de\/wp-json\/wp\/v2\/comments?post=523"}],"version-history":[{"count":6,"href":"https:\/\/tomato-adora.com\/de\/wp-json\/wp\/v2\/pages\/523\/revisions"}],"predecessor-version":[{"id":615,"href":"https:\/\/tomato-adora.com\/de\/wp-json\/wp\/v2\/pages\/523\/revisions\/615"}],"wp:attachment":[{"href":"https:\/\/tomato-adora.com\/de\/wp-json\/wp\/v2\/media?parent=523"}],"curies":[{"name":"wp","href":"https:\/\/api.w.org\/{rel}","templated":true}]}}