{"id":534,"date":"2023-02-06T17:42:46","date_gmt":"2023-02-06T17:42:46","guid":{"rendered":"https:\/\/tomato-adora.com\/datenschutzrichtlinie\/"},"modified":"2023-02-23T11:39:10","modified_gmt":"2023-02-23T11:39:10","slug":"datenschutzrichtlinie","status":"publish","type":"page","link":"https:\/\/tomato-adora.com\/de\/datenschutzrichtlinie\/","title":{"rendered":"Datenschutzrichtlinie"},"content":{"rendered":"\t\t<div data-elementor-type=\"wp-page\" data-elementor-id=\"534\" class=\"elementor elementor-534 elementor-69\" data-elementor-post-type=\"page\">\n\t\t\t\t\t\t<section class=\"elementor-section elementor-top-section elementor-element elementor-element-e9fa333 elementor-section-full_width elementor-section-height-default elementor-section-height-default\" data-id=\"e9fa333\" data-element_type=\"section\" data-e-type=\"section\">\n\t\t\t\t\t\t<div class=\"elementor-container elementor-column-gap-default\">\n\t\t\t\t\t<div class=\"elementor-column elementor-col-100 elementor-top-column elementor-element elementor-element-a4578c0\" data-id=\"a4578c0\" data-element_type=\"column\" data-e-type=\"column\">\n\t\t\t<div class=\"elementor-widget-wrap elementor-element-populated\">\n\t\t\t\t\t\t<section class=\"elementor-section elementor-inner-section elementor-element elementor-element-95d54e2 elementor-section-full_width elementor-section-height-default elementor-section-height-default\" data-id=\"95d54e2\" data-element_type=\"section\" data-e-type=\"section\">\n\t\t\t\t\t\t<div class=\"elementor-container elementor-column-gap-default\">\n\t\t\t\t\t<div class=\"elementor-column elementor-col-100 elementor-inner-column elementor-element elementor-element-f4979f8\" data-id=\"f4979f8\" data-element_type=\"column\" data-e-type=\"column\">\n\t\t\t<div class=\"elementor-widget-wrap elementor-element-populated\">\n\t\t\t\t\t\t<div class=\"elementor-element elementor-element-38a118b elementor-widget elementor-widget-spacer\" data-id=\"38a118b\" data-element_type=\"widget\" data-e-type=\"widget\" data-widget_type=\"spacer.default\">\n\t\t\t\t<div class=\"elementor-widget-container\">\n\t\t\t\t\t\t\t<div class=\"elementor-spacer\">\n\t\t\t<div class=\"elementor-spacer-inner\"><\/div>\n\t\t<\/div>\n\t\t\t\t\t\t<\/div>\n\t\t\t\t<\/div>\n\t\t\t\t<div class=\"elementor-element elementor-element-256fb5d animated-slow elementor-invisible elementor-widget elementor-widget-heading\" data-id=\"256fb5d\" data-element_type=\"widget\" data-e-type=\"widget\" data-settings=\"{&quot;_animation&quot;:&quot;fadeInLeft&quot;}\" data-widget_type=\"heading.default\">\n\t\t\t\t<div class=\"elementor-widget-container\">\n\t\t\t\t\t<h1 class=\"elementor-heading-title elementor-size-default\">Daten<br>schutzrichtlinie<\/h1>\t\t\t\t<\/div>\n\t\t\t\t<\/div>\n\t\t\t\t<div class=\"elementor-element elementor-element-d13a9b9 elementor-widget elementor-widget-text-editor\" data-id=\"d13a9b9\" data-element_type=\"widget\" data-e-type=\"widget\" data-widget_type=\"text-editor.default\">\n\t\t\t\t<div class=\"elementor-widget-container\">\n\t\t\t\t\t\t\t\t\t<br>\n<p>HM.CLAUSE S.A.S., ihre Tochtergesellschaften und verbundenen Unternehmen (nachstehend gemeinsam bezeichnet als \u201eHM.CLAUSE\u201c, \u201ewir\u201c, \u201eunser\u201c, \u201eunsere\u201c) legen gro\u00dfen Wert auf den Schutz Ihrer personenbezogenen Daten Die vorliegende Datenschutzrichtlinie beschreibt die Arten von personenbezogenen Daten, die von HM.CLAUSE erfasst werden oder die Sie uns bei Ihrem Besuch auf unserer Website <a href=\"https:\/\/tomato-adora.com\/de\/\">www.tomato-adora.com<\/a> (nachstehend \u201eWebsite\u201c) m\u00f6glicherweise \u00fcbermitteln, unsere Praktiken in Bezug auf die Verarbeitung, den Schutz und Nutzung Ihrer personenbezogenen Daten sowie Informationen zu Ihren Rechten bez\u00fcglich Ihrer personenbezogenen Daten.<\/p>\n<p>HM.CLAUSE verpflichtet sich, daf\u00fcr zu sorgen, dass die Erfassung und Verarbeitung Ihrer personenbezogenen Daten gem\u00e4\u00df EU-Verordnung 2016\/679 und den geltenden nationalen Rechtsvorschriften zum Schutz personenbezogener Daten erfolgt.<\/p>\n<p>Die Groupe Limagrain (zu der HM.CLAUSE geh\u00f6rt) hat zum Schutz personenbezogener Daten einen Datenschutzbeauftragten (DSB) bestellt. <\/p>\n<br>\n<h4>1- Anwendungsbereich<\/h4>\n<p>Diese Datenschutzrichtlinie bezieht sich auf die Website sowie auf durch und \u00fcber die Website erfasste personenbezogenen Daten. <\/p>\n<br>\n<h4>2- Von HM.CLAUSE erfasste personenbezogene Daten<\/h4>\n<p>HM.CLAUSE verpflichtet sich, nur personenbezogene Daten zu erheben, die f\u00fcr die festgelegten, eindeutigen und rechtm\u00e4\u00dfigen Zwecke wichtig und notwendig sind.<\/p>\n<p>HM.CLAUSE kann sowohl personenbezogene Daten verarbeiten, die Sie uns direkt auf der Website \u00fcbermitteln, als auch personenbezogene Daten, die wir automatisch erfassen.<\/p>\n<p>Die von HM.CLAUSE auf der Website erfassten personenbezogenen Daten werden verwendet, um unsere Beziehungen zu Ihnen als Nutzer der Website zu verwalten und Ihre Anfragen zu bearbeiten.<\/p>\n<br>\n<h5>2.1 Art der personenbezogenen Daten <\/h5>\n<h6><i>a) Informationen, die Sie uns beim Ausf\u00fcllen des Kontaktformulars \u00fcbermitteln:<\/i><\/h6>\n<p>Dabei handelt es sich um folgende personenbezogene Daten:<\/p>\n<ul>\n<li>Ihr Name<\/li>\n<li>Ihr Vorname<\/li>\n<li>Ihr Unternehmen<\/li>\n<li>Ihre E-Mail-Adresse<\/li>\n<li>Der Betreff Ihrer Nachricht, sofern dieser personenbezogene Daten enth\u00e4lt<\/li>\n<li>Ihre Nachricht, wenn diese personenbezogene Daten enth\u00e4lt<\/li>\n<\/ul>\n<h6><i>b) Informationen, die von HM.CLAUSE automatisch erfasst werden:<\/i><\/h6>\n<p>Bei Ihrem Besuch auf unserer Website kann HM.CLAUSE folgende Informationen automatisch erfassen:<\/p>\n<ul>\n<li>Anzahl der Nutzer und Sitzungen<\/li>\n<li>Sitzungsdauer<\/li>\n<li>Betriebssysteme<\/li>\n<li>Ger\u00e4tetypen<\/li>\n<li>Geodaten<\/li>\n<li>Erstreleases<\/li>\n<li>Erreichbarkeit<\/li>\n<li>Aktualisierungen<\/li> \n<\/ul>\n<br>\n<h5>2.2 Rechtliche Grundlagen, auf die wir uns bei der Verarbeitung personenbezogener Daten st\u00fctzen<\/h5>\n<p>HM.CLAUSE nimmt die Verarbeitung der unter der vorstehenden Ziffer 2.1.a genannten Daten auf der Grundlage des berechtigten Interesses vor. Daher verwendet HM.CLAUSE diese Daten mit dem alleinigen Ziel, Sie zu unterst\u00fctzen und Ihre Fragen zu beantworten. <\/p>\n<p>Im Hinblick auf personenbezogene Daten, die HM.CLAUSE automatisch erfasst (siehe 2.1.b), haben wir eine Cookie-Richtlinie bereitgestellt, die die Verwendung von Cookies und die damit verfolgten Zwecke erl\u00e4utert. Wir empfehlen Ihnen, sich mit unserer Cookie-Richtlinie vertraut zu machen. Sie k\u00f6nnen die Richtlinie einsehen, indem Sie <a href=\"https:\/\/tomato-adora.com\/es\/politica-cookies\/\">hier klicken<\/a>.<\/p>\n<br>\n<h5>2.3 Dauer der Speicherung Ihrer personenbezogenen Daten <\/h5>\n<p>Die unter der vorstehenden Ziffer 2 genannten personenbezogenen Daten werden f\u00fcr einen bestimmten Zeitraum von HM.CLAUSE gespeichert und entsprechend ihrem (ihren) Verarbeitungszweck(en) zur Verf\u00fcgung gestellt. <\/p>\n<br>\n<h4>3- Sicherheit, Speicherung und Empf\u00e4nger Ihrer personenbezogenen Daten<\/h4>\n<p>HM.CLAUSE trifft angemessene Vorkehrungen zum Schutz Ihrer personenbezogenen Daten. Die von Ihnen \u00fcbermittelten Informationen werden auf sicheren Servern gespeichert. <\/p>\n<p>HM.CLAUSE kann jedoch aufgrund der Art der Internetnutzung und der damit verbundenen Risiken sowie der Internet-Inhalte keine hundertprozentige Datensicherheit gew\u00e4hrleisten.<\/p>\n<p>Des Weiteren d\u00fcrfen nur Personen, die aufgrund ihrer Aufgaben dazu befugt sind, auf Ihre personenbezogenen Daten zugreifen. Ihre personenbezogenen Daten k\u00f6nnen von HM.CLAUSE eingesehen werden:<\/p>\n<ul>\n<li>HM.CLAUSE geh\u00f6rt zur Groupe Limagrain, einem internationalen Konzern. Sie ist berechtigt, Ihre personenbezogenen Daten innerhalb des Konzerns weiterleiten.<\/li>\n<li>HORMIGUEA und CELEONET k\u00f6nnen als Auftragnehmer Zugriff auf Ihre personenbezogenen Daten haben.<\/li>\n<\/ul>\n<br>\n<h4>4- Ihre Rechte in Bezug auf Ihre personenbezogenen Daten<\/h4>\n<p>Sie haben Rechte aus der Anwendung der EU-Verordnung 2016\/679 sowie den geltenden nationalen Datenschutzvorschriften.<\/p>\n<p>Sie sind insbesondere berechtigt, den Zugriff, die Berichtigung, L\u00f6schung, \u00dcbertragbarkeit sowie die eingeschr\u00e4nkte Verarbeitung Ihrer personenbezogenen Daten zu verlangen und\/oder der Verarbeitung Ihrer personenbezogenen Daten zu widersprechen, indem Sie die Abteilung Kommunikation von HM.CLAUSE, rue Louis Saillant, Z.I. La Motte, 26800 PORTES-LES-VALENCE, Frankreich, kontaktieren, oder per E-Mail unter personaldata@hmclause.com Kontakt zu uns aufnehmen.<\/p>\n<br>\n<p><i>Zuletzt aktualisiert am 14\/10\/2020<\/i><\/p>\t\t\t\t\t\t\t\t<\/div>\n\t\t\t\t<\/div>\n\t\t\t\t<div class=\"elementor-element elementor-element-a4967ea elementor-widget elementor-widget-spacer\" data-id=\"a4967ea\" data-element_type=\"widget\" data-e-type=\"widget\" data-widget_type=\"spacer.default\">\n\t\t\t\t<div class=\"elementor-widget-container\">\n\t\t\t\t\t\t\t<div class=\"elementor-spacer\">\n\t\t\t<div class=\"elementor-spacer-inner\"><\/div>\n\t\t<\/div>\n\t\t\t\t\t\t<\/div>\n\t\t\t\t<\/div>\n\t\t\t\t\t<\/div>\n\t\t<\/div>\n\t\t\t\t\t<\/div>\n\t\t<\/section>\n\t\t\t\t\t<\/div>\n\t\t<\/div>\n\t\t\t\t\t<\/div>\n\t\t<\/section>\n\t\t\t\t<\/div>\n\t\t","protected":false},"excerpt":{"rendered":"<p>Datenschutzrichtlinie HM.CLAUSE S.A.S., ihre Tochtergesellschaften und verbundenen Unternehmen (nachstehend gemeinsam bezeichnet als \u201eHM.CLAUSE\u201c, \u201ewir\u201c, \u201eunser\u201c, \u201eunsere\u201c) legen gro\u00dfen Wert auf den Schutz Ihrer personenbezogenen Daten Die vorliegende Datenschutzrichtlinie beschreibt die Arten von personenbezogenen Daten, die von HM.CLAUSE erfasst werden oder die Sie uns bei Ihrem Besuch auf unserer Website www.tomato-adora.com (nachstehend \u201eWebsite\u201c) m\u00f6glicherweise \u00fcbermitteln, unsere [&hellip;]<\/p>\n","protected":false},"author":1,"featured_media":0,"parent":0,"menu_order":0,"comment_status":"closed","ping_status":"closed","template":"elementor_header_footer","meta":{"footnotes":""},"class_list":["post-534","page","type-page","status-publish","hentry"],"yoast_head":"<!-- This site is optimized with the Yoast SEO plugin v27.3 - https:\/\/yoast.com\/product\/yoast-seo-wordpress\/ -->\n<title>Datenschutzrichtlinie - Tomate adora<\/title>\n<meta name=\"robots\" content=\"index, follow, max-snippet:-1, max-image-preview:large, max-video-preview:-1\" \/>\n<link rel=\"canonical\" href=\"https:\/\/tomato-adora.com\/de\/datenschutzrichtlinie\/\" \/>\n<meta property=\"og:locale\" content=\"de_DE\" \/>\n<meta property=\"og:type\" content=\"article\" \/>\n<meta property=\"og:title\" content=\"Datenschutzrichtlinie - Tomate adora\" \/>\n<meta property=\"og:description\" content=\"Datenschutzrichtlinie HM.CLAUSE S.A.S., ihre Tochtergesellschaften und verbundenen Unternehmen (nachstehend gemeinsam bezeichnet als \u201eHM.CLAUSE\u201c, \u201ewir\u201c, \u201eunser\u201c, \u201eunsere\u201c) legen gro\u00dfen Wert auf den Schutz Ihrer personenbezogenen Daten Die vorliegende Datenschutzrichtlinie beschreibt die Arten von personenbezogenen Daten, die von HM.CLAUSE erfasst werden oder die Sie uns bei Ihrem Besuch auf unserer Website www.tomato-adora.com (nachstehend \u201eWebsite\u201c) m\u00f6glicherweise \u00fcbermitteln, unsere [&hellip;]\" \/>\n<meta property=\"og:url\" content=\"https:\/\/tomato-adora.com\/de\/datenschutzrichtlinie\/\" \/>\n<meta property=\"og:site_name\" content=\"Tomate adora\" \/>\n<meta property=\"article:modified_time\" content=\"2023-02-23T11:39:10+00:00\" \/>\n<meta name=\"twitter:card\" content=\"summary_large_image\" \/>\n<meta name=\"twitter:label1\" content=\"Gesch\u00e4tzte Lesezeit\" \/>\n\t<meta name=\"twitter:data1\" content=\"3\u00a0Minuten\" \/>\n<script type=\"application\/ld+json\" class=\"yoast-schema-graph\">{\"@context\":\"https:\\\/\\\/schema.org\",\"@graph\":[{\"@type\":\"WebPage\",\"@id\":\"https:\\\/\\\/tomato-adora.com\\\/de\\\/datenschutzrichtlinie\\\/\",\"url\":\"https:\\\/\\\/tomato-adora.com\\\/de\\\/datenschutzrichtlinie\\\/\",\"name\":\"Datenschutzrichtlinie - Tomate adora\",\"isPartOf\":{\"@id\":\"https:\\\/\\\/tomato-adora.com\\\/de\\\/#website\"},\"datePublished\":\"2023-02-06T17:42:46+00:00\",\"dateModified\":\"2023-02-23T11:39:10+00:00\",\"breadcrumb\":{\"@id\":\"https:\\\/\\\/tomato-adora.com\\\/de\\\/datenschutzrichtlinie\\\/#breadcrumb\"},\"inLanguage\":\"de\",\"potentialAction\":[{\"@type\":\"ReadAction\",\"target\":[\"https:\\\/\\\/tomato-adora.com\\\/de\\\/datenschutzrichtlinie\\\/\"]}]},{\"@type\":\"BreadcrumbList\",\"@id\":\"https:\\\/\\\/tomato-adora.com\\\/de\\\/datenschutzrichtlinie\\\/#breadcrumb\",\"itemListElement\":[{\"@type\":\"ListItem\",\"position\":1,\"name\":\"Portada\",\"item\":\"https:\\\/\\\/tomato-adora.com\\\/de\\\/\"},{\"@type\":\"ListItem\",\"position\":2,\"name\":\"Datenschutzrichtlinie\"}]},{\"@type\":\"WebSite\",\"@id\":\"https:\\\/\\\/tomato-adora.com\\\/de\\\/#website\",\"url\":\"https:\\\/\\\/tomato-adora.com\\\/de\\\/\",\"name\":\"Tomate adora\",\"description\":\"\",\"potentialAction\":[{\"@type\":\"SearchAction\",\"target\":{\"@type\":\"EntryPoint\",\"urlTemplate\":\"https:\\\/\\\/tomato-adora.com\\\/de\\\/?s={search_term_string}\"},\"query-input\":{\"@type\":\"PropertyValueSpecification\",\"valueRequired\":true,\"valueName\":\"search_term_string\"}}],\"inLanguage\":\"de\"}]}<\/script>\n<!-- \/ Yoast SEO plugin. -->","yoast_head_json":{"title":"Datenschutzrichtlinie - Tomate adora","robots":{"index":"index","follow":"follow","max-snippet":"max-snippet:-1","max-image-preview":"max-image-preview:large","max-video-preview":"max-video-preview:-1"},"canonical":"https:\/\/tomato-adora.com\/de\/datenschutzrichtlinie\/","og_locale":"de_DE","og_type":"article","og_title":"Datenschutzrichtlinie - Tomate adora","og_description":"Datenschutzrichtlinie HM.CLAUSE S.A.S., ihre Tochtergesellschaften und verbundenen Unternehmen (nachstehend gemeinsam bezeichnet als \u201eHM.CLAUSE\u201c, \u201ewir\u201c, \u201eunser\u201c, \u201eunsere\u201c) legen gro\u00dfen Wert auf den Schutz Ihrer personenbezogenen Daten Die vorliegende Datenschutzrichtlinie beschreibt die Arten von personenbezogenen Daten, die von HM.CLAUSE erfasst werden oder die Sie uns bei Ihrem Besuch auf unserer Website www.tomato-adora.com (nachstehend \u201eWebsite\u201c) m\u00f6glicherweise \u00fcbermitteln, unsere [&hellip;]","og_url":"https:\/\/tomato-adora.com\/de\/datenschutzrichtlinie\/","og_site_name":"Tomate adora","article_modified_time":"2023-02-23T11:39:10+00:00","twitter_card":"summary_large_image","twitter_misc":{"Gesch\u00e4tzte Lesezeit":"3\u00a0Minuten"},"schema":{"@context":"https:\/\/schema.org","@graph":[{"@type":"WebPage","@id":"https:\/\/tomato-adora.com\/de\/datenschutzrichtlinie\/","url":"https:\/\/tomato-adora.com\/de\/datenschutzrichtlinie\/","name":"Datenschutzrichtlinie - Tomate adora","isPartOf":{"@id":"https:\/\/tomato-adora.com\/de\/#website"},"datePublished":"2023-02-06T17:42:46+00:00","dateModified":"2023-02-23T11:39:10+00:00","breadcrumb":{"@id":"https:\/\/tomato-adora.com\/de\/datenschutzrichtlinie\/#breadcrumb"},"inLanguage":"de","potentialAction":[{"@type":"ReadAction","target":["https:\/\/tomato-adora.com\/de\/datenschutzrichtlinie\/"]}]},{"@type":"BreadcrumbList","@id":"https:\/\/tomato-adora.com\/de\/datenschutzrichtlinie\/#breadcrumb","itemListElement":[{"@type":"ListItem","position":1,"name":"Portada","item":"https:\/\/tomato-adora.com\/de\/"},{"@type":"ListItem","position":2,"name":"Datenschutzrichtlinie"}]},{"@type":"WebSite","@id":"https:\/\/tomato-adora.com\/de\/#website","url":"https:\/\/tomato-adora.com\/de\/","name":"Tomate adora","description":"","potentialAction":[{"@type":"SearchAction","target":{"@type":"EntryPoint","urlTemplate":"https:\/\/tomato-adora.com\/de\/?s={search_term_string}"},"query-input":{"@type":"PropertyValueSpecification","valueRequired":true,"valueName":"search_term_string"}}],"inLanguage":"de"}]}},"_links":{"self":[{"href":"https:\/\/tomato-adora.com\/de\/wp-json\/wp\/v2\/pages\/534","targetHints":{"allow":["GET"]}}],"collection":[{"href":"https:\/\/tomato-adora.com\/de\/wp-json\/wp\/v2\/pages"}],"about":[{"href":"https:\/\/tomato-adora.com\/de\/wp-json\/wp\/v2\/types\/page"}],"author":[{"embeddable":true,"href":"https:\/\/tomato-adora.com\/de\/wp-json\/wp\/v2\/users\/1"}],"replies":[{"embeddable":true,"href":"https:\/\/tomato-adora.com\/de\/wp-json\/wp\/v2\/comments?post=534"}],"version-history":[{"count":4,"href":"https:\/\/tomato-adora.com\/de\/wp-json\/wp\/v2\/pages\/534\/revisions"}],"predecessor-version":[{"id":553,"href":"https:\/\/tomato-adora.com\/de\/wp-json\/wp\/v2\/pages\/534\/revisions\/553"}],"wp:attachment":[{"href":"https:\/\/tomato-adora.com\/de\/wp-json\/wp\/v2\/media?parent=534"}],"curies":[{"name":"wp","href":"https:\/\/api.w.org\/{rel}","templated":true}]}}