{"id":548,"date":"2023-02-06T17:44:19","date_gmt":"2023-02-06T17:44:19","guid":{"rendered":"https:\/\/tomato-adora.com\/cookie-richtlinie\/"},"modified":"2023-02-23T11:46:13","modified_gmt":"2023-02-23T11:46:13","slug":"cookie-richtlinie","status":"publish","type":"page","link":"https:\/\/tomato-adora.com\/de\/cookie-richtlinie\/","title":{"rendered":"Cookie-Richtlinie"},"content":{"rendered":"\t\t<div data-elementor-type=\"wp-page\" data-elementor-id=\"548\" class=\"elementor elementor-548 elementor-75\" data-elementor-post-type=\"page\">\n\t\t\t\t\t\t<section class=\"elementor-section elementor-top-section elementor-element elementor-element-59fcc65 elementor-section-full_width elementor-section-height-default elementor-section-height-default\" data-id=\"59fcc65\" data-element_type=\"section\" data-e-type=\"section\">\n\t\t\t\t\t\t<div class=\"elementor-container elementor-column-gap-default\">\n\t\t\t\t\t<div class=\"elementor-column elementor-col-100 elementor-top-column elementor-element elementor-element-96fd483\" data-id=\"96fd483\" data-element_type=\"column\" data-e-type=\"column\">\n\t\t\t<div class=\"elementor-widget-wrap elementor-element-populated\">\n\t\t\t\t\t\t<section class=\"elementor-section elementor-inner-section elementor-element elementor-element-55e0a60 elementor-section-full_width elementor-section-height-default elementor-section-height-default\" data-id=\"55e0a60\" data-element_type=\"section\" data-e-type=\"section\">\n\t\t\t\t\t\t<div class=\"elementor-container elementor-column-gap-default\">\n\t\t\t\t\t<div class=\"elementor-column elementor-col-100 elementor-inner-column elementor-element elementor-element-ed1e505\" data-id=\"ed1e505\" data-element_type=\"column\" data-e-type=\"column\">\n\t\t\t<div class=\"elementor-widget-wrap elementor-element-populated\">\n\t\t\t\t\t\t<div class=\"elementor-element elementor-element-b079ca1 elementor-widget elementor-widget-spacer\" data-id=\"b079ca1\" data-element_type=\"widget\" data-e-type=\"widget\" data-widget_type=\"spacer.default\">\n\t\t\t\t<div class=\"elementor-widget-container\">\n\t\t\t\t\t\t\t<div class=\"elementor-spacer\">\n\t\t\t<div class=\"elementor-spacer-inner\"><\/div>\n\t\t<\/div>\n\t\t\t\t\t\t<\/div>\n\t\t\t\t<\/div>\n\t\t\t\t<div class=\"elementor-element elementor-element-339ac6d animated-slow elementor-invisible elementor-widget elementor-widget-heading\" data-id=\"339ac6d\" data-element_type=\"widget\" data-e-type=\"widget\" data-settings=\"{&quot;_animation&quot;:&quot;fadeInLeft&quot;}\" data-widget_type=\"heading.default\">\n\t\t\t\t<div class=\"elementor-widget-container\">\n\t\t\t\t\t<h1 class=\"elementor-heading-title elementor-size-default\">COOKIE<br>RICHTLINIE<\/h1>\t\t\t\t<\/div>\n\t\t\t\t<\/div>\n\t\t\t\t<div class=\"elementor-element elementor-element-42774b8 elementor-widget elementor-widget-spacer\" data-id=\"42774b8\" data-element_type=\"widget\" data-e-type=\"widget\" data-widget_type=\"spacer.default\">\n\t\t\t\t<div class=\"elementor-widget-container\">\n\t\t\t\t\t\t\t<div class=\"elementor-spacer\">\n\t\t\t<div class=\"elementor-spacer-inner\"><\/div>\n\t\t<\/div>\n\t\t\t\t\t\t<\/div>\n\t\t\t\t<\/div>\n\t\t\t\t\t<\/div>\n\t\t<\/div>\n\t\t\t\t\t<\/div>\n\t\t<\/section>\n\t\t\t\t\t<\/div>\n\t\t<\/div>\n\t\t\t\t\t<\/div>\n\t\t<\/section>\n\t\t\t\t<section class=\"elementor-section elementor-top-section elementor-element elementor-element-9cfc3fa elementor-section-full_width elementor-section-height-default elementor-section-height-default\" data-id=\"9cfc3fa\" data-element_type=\"section\" data-e-type=\"section\">\n\t\t\t\t\t\t<div class=\"elementor-container elementor-column-gap-default\">\n\t\t\t\t\t<div class=\"elementor-column elementor-col-100 elementor-top-column elementor-element elementor-element-1afca92\" data-id=\"1afca92\" data-element_type=\"column\" data-e-type=\"column\">\n\t\t\t<div class=\"elementor-widget-wrap elementor-element-populated\">\n\t\t\t\t\t\t<div class=\"elementor-element elementor-element-5185e37 elementor-widget elementor-widget-text-editor\" data-id=\"5185e37\" data-element_type=\"widget\" data-e-type=\"widget\" data-widget_type=\"text-editor.default\">\n\t\t\t\t<div class=\"elementor-widget-container\">\n\t\t\t\t\t\t\t\t\t<p>Wenn Sie unsere Website www.tomato-adora.com besuchen, werden Dateien, so genannte Cookies, auf Ihrem Computer, Mobiltelefon oder Tablet gespeichert.<\/p>\n<\/p>\n<h4>A) Wof\u00fcr werden Cookies verwendet?<\/h4>\n<p>Ein Cookie ist eine Datei, die von Ihrem Browser auf der Festplatte Ihres Endger\u00e4ts (PC, Tablet, Smartphone) gespeichert wird, wenn Sie eine Website besuchen. Eine Cookie-Datei erm\u00f6glicht es dem Server, das Endger\u00e4t (PC, Tablet, Smartphone), auf dem sie gespeichert ist, f\u00fcr die Dauer der G\u00fcltigkeit oder Speicherung des Cookies zu identifizieren.<\/p>\n<\/p>\n<h4>B) Welche Cookies werden auf der Website www.tomato-adora.com verwendet?<\/h4>\n<p>Auf der Website www.tomato-adora.com werden drei Arten von Cookies verwendet:<\/p>\n<ul>\n<li>Cookies, die f\u00fcr das korrekte Funktionieren der Website notwendig sind, und vor allem:\n<ul>\n<li>Session-Cookies, die f\u00fcr die technische Identifizierung der Verbindung unbedingt erforderlich sind. Cookies werden nur f\u00fcr die Dauer Ihrer Verbindung mit der Website gespeichert.<\/li>\n<\/ul>\n<\/li>\n<li>Analytische&#8220; Cookies zur Analyse des Website-Verkehrs (z. B. die meistbesuchten Seiten, Anfragen von Suchmaschinen usw.).<\/li>\n<li>Cookies, die von Dritten verwaltet werden und der Verwaltungspolitik dieser Dritten unterliegen<\/li>\n<\/ul>\n<h4>C) Wie man Cookies ablehnt \/ l\u00f6scht:<\/h4>\n<p>Als Nutzer k\u00f6nnen Sie jederzeit entscheiden, ob Sie Cookies auf Ihrem Endger\u00e4t (PC, Tablet, Smartphone) akzeptieren oder nicht.<\/p>\n<p>Wenn Sie in Ihrer Navigationsanwendung (z. B: Microsoft Explorer, Google Chrome, Firefox, Safari &#8230;) der Speicherung von Cookies auf Ihrem Endger\u00e4t zugestimmt haben, werden die von den von Ihnen besuchten Seiten und Inhalten hinterlegten Cookies vor\u00fcbergehend in einem reservierten Bereich auf Ihrem Endger\u00e4t gespeichert.<\/p>\n<p>Wenn Sie es ablehnen, Cookies auf Ihrem Endger\u00e4t zu speichern, oder wenn Sie bereits gespeicherte Cookies l\u00f6schen, k\u00f6nnen Sie bestimmte Funktionen unserer Website nicht mehr nutzen.<\/p>\n<p>Die wichtigsten Verfahren, die es Ihnen erm\u00f6glichen, die von unserer Website platzierten Cookies zu akzeptieren, abzulehnen oder zu l\u00f6schen:<\/p>\n<p>Vorbemerkung: Die meisten Browser akzeptieren Cookies standardm\u00e4\u00dfig. Sie k\u00f6nnen jedoch entscheiden, Cookie-Dateien zu blockieren oder Ihren Browser zu veranlassen, Sie zu warnen, wenn eine Website versucht, ein Cookie auf Ihrem Endger\u00e4t zu platzieren.<\/p>\n<p>Um die Cookie-Verwaltung Ihres Browsers zu \u00e4ndern, m\u00fcssen Sie die Einstellungen auf der Registerkarte Datenschutz \u00e4ndern.<\/p>\n<p>Was die Verwaltung von Cookies und Ihre Pr\u00e4ferenzen betrifft, so ist die Konfiguration jedes Browsers unterschiedlich. Dies wird im Hilfemen\u00fc Ihres Browsers beschrieben, in dem Sie erfahren, wie Sie Ihre Cookie-Einstellungen \u00e4ndern k\u00f6nnen:<\/p>\n<p><a href=\"https:\/\/support.microsoft.com\/en-us\/help\/278835\/how-to-delete-cookie-files-in-internet-explorer\" target=\"_blank\" rel=\"noopener\">F\u00fcr Internet Explorer<\/a><br \/><a href=\"https:\/\/support.mozilla.org\/en-US\/kb\/clear-cookies-and-site-data-firefox\" target=\"_blank\" rel=\"noopener\">F\u00fcr Firefox<\/a><br \/><a href=\"https:\/\/support.apple.com\/en-in\/guide\/safari\/sfri11471\/mac\" target=\"_blank\" rel=\"noopener\">F\u00fcr Safari<\/a><br \/><a href=\"https:\/\/support.google.com\/accounts\/answer\/61416?hl=en\" target=\"_blank\" rel=\"noopener\">F\u00fcr Google Chrome<\/a><br \/><a href=\"https:\/\/help.opera.com\/en\/latest\/web-preferences\/#cookies\" target=\"_blank\" rel=\"noopener\">F\u00fcr Opera<\/a><\/p>\n<p><i>Zuletzt aktualisiert am 14\/10\/2020<\/i><\/p>\n\t\t\t\t\t\t\t\t<\/div>\n\t\t\t\t<\/div>\n\t\t\t\t\t<\/div>\n\t\t<\/div>\n\t\t\t\t\t<\/div>\n\t\t<\/section>\n\t\t\t\t<\/div>\n\t\t","protected":false},"excerpt":{"rendered":"<p>COOKIERICHTLINIE Wenn Sie unsere Website www.tomato-adora.com besuchen, werden Dateien, so genannte Cookies, auf Ihrem Computer, Mobiltelefon oder Tablet gespeichert. A) Wof\u00fcr werden Cookies verwendet? Ein Cookie ist eine Datei, die von Ihrem Browser auf der Festplatte Ihres Endger\u00e4ts (PC, Tablet, Smartphone) gespeichert wird, wenn Sie eine Website besuchen. Eine Cookie-Datei erm\u00f6glicht es dem Server, das [&hellip;]<\/p>\n","protected":false},"author":1,"featured_media":0,"parent":0,"menu_order":0,"comment_status":"closed","ping_status":"closed","template":"elementor_header_footer","meta":{"footnotes":""},"class_list":["post-548","page","type-page","status-publish","hentry"],"yoast_head":"<!-- This site is optimized with the Yoast SEO plugin v27.4 - https:\/\/yoast.com\/product\/yoast-seo-wordpress\/ -->\n<title>Cookie-Richtlinie - Tomate adora<\/title>\n<meta name=\"robots\" content=\"index, follow, max-snippet:-1, max-image-preview:large, max-video-preview:-1\" \/>\n<link rel=\"canonical\" href=\"https:\/\/tomato-adora.com\/de\/cookie-richtlinie\/\" \/>\n<meta property=\"og:locale\" content=\"de_DE\" \/>\n<meta property=\"og:type\" content=\"article\" \/>\n<meta property=\"og:title\" content=\"Cookie-Richtlinie - Tomate adora\" \/>\n<meta property=\"og:description\" content=\"COOKIERICHTLINIE Wenn Sie unsere Website www.tomato-adora.com besuchen, werden Dateien, so genannte Cookies, auf Ihrem Computer, Mobiltelefon oder Tablet gespeichert. A) Wof\u00fcr werden Cookies verwendet? Ein Cookie ist eine Datei, die von Ihrem Browser auf der Festplatte Ihres Endger\u00e4ts (PC, Tablet, Smartphone) gespeichert wird, wenn Sie eine Website besuchen. Eine Cookie-Datei erm\u00f6glicht es dem Server, das [&hellip;]\" \/>\n<meta property=\"og:url\" content=\"https:\/\/tomato-adora.com\/de\/cookie-richtlinie\/\" \/>\n<meta property=\"og:site_name\" content=\"Tomate adora\" \/>\n<meta property=\"article:modified_time\" content=\"2023-02-23T11:46:13+00:00\" \/>\n<meta name=\"twitter:card\" content=\"summary_large_image\" \/>\n<meta name=\"twitter:label1\" content=\"Gesch\u00e4tzte Lesezeit\" \/>\n\t<meta name=\"twitter:data1\" content=\"2\u00a0Minuten\" \/>\n<script type=\"application\/ld+json\" class=\"yoast-schema-graph\">{\"@context\":\"https:\\\/\\\/schema.org\",\"@graph\":[{\"@type\":\"WebPage\",\"@id\":\"https:\\\/\\\/tomato-adora.com\\\/de\\\/cookie-richtlinie\\\/\",\"url\":\"https:\\\/\\\/tomato-adora.com\\\/de\\\/cookie-richtlinie\\\/\",\"name\":\"Cookie-Richtlinie - Tomate adora\",\"isPartOf\":{\"@id\":\"https:\\\/\\\/tomato-adora.com\\\/de\\\/#website\"},\"datePublished\":\"2023-02-06T17:44:19+00:00\",\"dateModified\":\"2023-02-23T11:46:13+00:00\",\"breadcrumb\":{\"@id\":\"https:\\\/\\\/tomato-adora.com\\\/de\\\/cookie-richtlinie\\\/#breadcrumb\"},\"inLanguage\":\"de\",\"potentialAction\":[{\"@type\":\"ReadAction\",\"target\":[\"https:\\\/\\\/tomato-adora.com\\\/de\\\/cookie-richtlinie\\\/\"]}]},{\"@type\":\"BreadcrumbList\",\"@id\":\"https:\\\/\\\/tomato-adora.com\\\/de\\\/cookie-richtlinie\\\/#breadcrumb\",\"itemListElement\":[{\"@type\":\"ListItem\",\"position\":1,\"name\":\"Portada\",\"item\":\"https:\\\/\\\/tomato-adora.com\\\/de\\\/\"},{\"@type\":\"ListItem\",\"position\":2,\"name\":\"Cookie-Richtlinie\"}]},{\"@type\":\"WebSite\",\"@id\":\"https:\\\/\\\/tomato-adora.com\\\/de\\\/#website\",\"url\":\"https:\\\/\\\/tomato-adora.com\\\/de\\\/\",\"name\":\"Tomate adora\",\"description\":\"\",\"potentialAction\":[{\"@type\":\"SearchAction\",\"target\":{\"@type\":\"EntryPoint\",\"urlTemplate\":\"https:\\\/\\\/tomato-adora.com\\\/de\\\/?s={search_term_string}\"},\"query-input\":{\"@type\":\"PropertyValueSpecification\",\"valueRequired\":true,\"valueName\":\"search_term_string\"}}],\"inLanguage\":\"de\"}]}<\/script>\n<!-- \/ Yoast SEO plugin. -->","yoast_head_json":{"title":"Cookie-Richtlinie - Tomate adora","robots":{"index":"index","follow":"follow","max-snippet":"max-snippet:-1","max-image-preview":"max-image-preview:large","max-video-preview":"max-video-preview:-1"},"canonical":"https:\/\/tomato-adora.com\/de\/cookie-richtlinie\/","og_locale":"de_DE","og_type":"article","og_title":"Cookie-Richtlinie - Tomate adora","og_description":"COOKIERICHTLINIE Wenn Sie unsere Website www.tomato-adora.com besuchen, werden Dateien, so genannte Cookies, auf Ihrem Computer, Mobiltelefon oder Tablet gespeichert. A) Wof\u00fcr werden Cookies verwendet? Ein Cookie ist eine Datei, die von Ihrem Browser auf der Festplatte Ihres Endger\u00e4ts (PC, Tablet, Smartphone) gespeichert wird, wenn Sie eine Website besuchen. Eine Cookie-Datei erm\u00f6glicht es dem Server, das [&hellip;]","og_url":"https:\/\/tomato-adora.com\/de\/cookie-richtlinie\/","og_site_name":"Tomate adora","article_modified_time":"2023-02-23T11:46:13+00:00","twitter_card":"summary_large_image","twitter_misc":{"Gesch\u00e4tzte Lesezeit":"2\u00a0Minuten"},"schema":{"@context":"https:\/\/schema.org","@graph":[{"@type":"WebPage","@id":"https:\/\/tomato-adora.com\/de\/cookie-richtlinie\/","url":"https:\/\/tomato-adora.com\/de\/cookie-richtlinie\/","name":"Cookie-Richtlinie - Tomate adora","isPartOf":{"@id":"https:\/\/tomato-adora.com\/de\/#website"},"datePublished":"2023-02-06T17:44:19+00:00","dateModified":"2023-02-23T11:46:13+00:00","breadcrumb":{"@id":"https:\/\/tomato-adora.com\/de\/cookie-richtlinie\/#breadcrumb"},"inLanguage":"de","potentialAction":[{"@type":"ReadAction","target":["https:\/\/tomato-adora.com\/de\/cookie-richtlinie\/"]}]},{"@type":"BreadcrumbList","@id":"https:\/\/tomato-adora.com\/de\/cookie-richtlinie\/#breadcrumb","itemListElement":[{"@type":"ListItem","position":1,"name":"Portada","item":"https:\/\/tomato-adora.com\/de\/"},{"@type":"ListItem","position":2,"name":"Cookie-Richtlinie"}]},{"@type":"WebSite","@id":"https:\/\/tomato-adora.com\/de\/#website","url":"https:\/\/tomato-adora.com\/de\/","name":"Tomate adora","description":"","potentialAction":[{"@type":"SearchAction","target":{"@type":"EntryPoint","urlTemplate":"https:\/\/tomato-adora.com\/de\/?s={search_term_string}"},"query-input":{"@type":"PropertyValueSpecification","valueRequired":true,"valueName":"search_term_string"}}],"inLanguage":"de"}]}},"_links":{"self":[{"href":"https:\/\/tomato-adora.com\/de\/wp-json\/wp\/v2\/pages\/548","targetHints":{"allow":["GET"]}}],"collection":[{"href":"https:\/\/tomato-adora.com\/de\/wp-json\/wp\/v2\/pages"}],"about":[{"href":"https:\/\/tomato-adora.com\/de\/wp-json\/wp\/v2\/types\/page"}],"author":[{"embeddable":true,"href":"https:\/\/tomato-adora.com\/de\/wp-json\/wp\/v2\/users\/1"}],"replies":[{"embeddable":true,"href":"https:\/\/tomato-adora.com\/de\/wp-json\/wp\/v2\/comments?post=548"}],"version-history":[{"count":2,"href":"https:\/\/tomato-adora.com\/de\/wp-json\/wp\/v2\/pages\/548\/revisions"}],"predecessor-version":[{"id":570,"href":"https:\/\/tomato-adora.com\/de\/wp-json\/wp\/v2\/pages\/548\/revisions\/570"}],"wp:attachment":[{"href":"https:\/\/tomato-adora.com\/de\/wp-json\/wp\/v2\/media?parent=548"}],"curies":[{"name":"wp","href":"https:\/\/api.w.org\/{rel}","templated":true}]}}