{"id":705,"date":"2023-03-31T11:48:51","date_gmt":"2023-03-31T11:48:51","guid":{"rendered":"https:\/\/tomato-adora.com\/haeufig-gestellte-fragen\/"},"modified":"2023-04-02T09:23:10","modified_gmt":"2023-04-02T09:23:10","slug":"haeufig-gestellte-fragen","status":"publish","type":"page","link":"https:\/\/tomato-adora.com\/de\/haeufig-gestellte-fragen\/","title":{"rendered":"H\u00e4ufig gestellte Fragen"},"content":{"rendered":"\t\t<div data-elementor-type=\"wp-page\" data-elementor-id=\"705\" class=\"elementor elementor-705 elementor-687\" data-elementor-post-type=\"page\">\n\t\t\t\t\t\t<section class=\"elementor-section elementor-top-section elementor-element elementor-element-59fcc65 elementor-section-full_width elementor-section-height-default elementor-section-height-default\" data-id=\"59fcc65\" data-element_type=\"section\" data-e-type=\"section\">\n\t\t\t\t\t\t<div class=\"elementor-container elementor-column-gap-default\">\n\t\t\t\t\t<div class=\"elementor-column elementor-col-100 elementor-top-column elementor-element elementor-element-96fd483\" data-id=\"96fd483\" data-element_type=\"column\" data-e-type=\"column\">\n\t\t\t<div class=\"elementor-widget-wrap elementor-element-populated\">\n\t\t\t\t\t\t<section class=\"elementor-section elementor-inner-section elementor-element elementor-element-55e0a60 elementor-section-full_width elementor-section-height-default elementor-section-height-default\" data-id=\"55e0a60\" data-element_type=\"section\" data-e-type=\"section\">\n\t\t\t\t\t\t<div class=\"elementor-container elementor-column-gap-default\">\n\t\t\t\t\t<div class=\"elementor-column elementor-col-100 elementor-inner-column elementor-element elementor-element-ed1e505\" data-id=\"ed1e505\" data-element_type=\"column\" data-e-type=\"column\">\n\t\t\t<div class=\"elementor-widget-wrap elementor-element-populated\">\n\t\t\t\t\t\t<div class=\"elementor-element elementor-element-b079ca1 elementor-widget elementor-widget-spacer\" data-id=\"b079ca1\" data-element_type=\"widget\" data-e-type=\"widget\" data-widget_type=\"spacer.default\">\n\t\t\t\t<div class=\"elementor-widget-container\">\n\t\t\t\t\t\t\t<div class=\"elementor-spacer\">\n\t\t\t<div class=\"elementor-spacer-inner\"><\/div>\n\t\t<\/div>\n\t\t\t\t\t\t<\/div>\n\t\t\t\t<\/div>\n\t\t\t\t<div class=\"elementor-element elementor-element-339ac6d animated-slow elementor-invisible elementor-widget elementor-widget-heading\" data-id=\"339ac6d\" data-element_type=\"widget\" data-e-type=\"widget\" data-settings=\"{&quot;_animation&quot;:&quot;fadeInLeft&quot;}\" data-widget_type=\"heading.default\">\n\t\t\t\t<div class=\"elementor-widget-container\">\n\t\t\t\t\t<h1 class=\"elementor-heading-title elementor-size-default\">H\u00e4ufig<br> gestellte Fragen<\/h1>\t\t\t\t<\/div>\n\t\t\t\t<\/div>\n\t\t\t\t<div class=\"elementor-element elementor-element-42774b8 elementor-widget elementor-widget-spacer\" data-id=\"42774b8\" data-element_type=\"widget\" data-e-type=\"widget\" data-widget_type=\"spacer.default\">\n\t\t\t\t<div class=\"elementor-widget-container\">\n\t\t\t\t\t\t\t<div class=\"elementor-spacer\">\n\t\t\t<div class=\"elementor-spacer-inner\"><\/div>\n\t\t<\/div>\n\t\t\t\t\t\t<\/div>\n\t\t\t\t<\/div>\n\t\t\t\t\t<\/div>\n\t\t<\/div>\n\t\t\t\t\t<\/div>\n\t\t<\/section>\n\t\t\t\t\t<\/div>\n\t\t<\/div>\n\t\t\t\t\t<\/div>\n\t\t<\/section>\n\t\t\t\t<section class=\"elementor-section elementor-top-section elementor-element elementor-element-9cfc3fa elementor-section-full_width elementor-section-height-default elementor-section-height-default\" data-id=\"9cfc3fa\" data-element_type=\"section\" data-e-type=\"section\">\n\t\t\t\t\t\t<div class=\"elementor-container elementor-column-gap-default\">\n\t\t\t\t\t<div class=\"elementor-column elementor-col-100 elementor-top-column elementor-element elementor-element-1afca92\" data-id=\"1afca92\" data-element_type=\"column\" data-e-type=\"column\">\n\t\t\t<div class=\"elementor-widget-wrap elementor-element-populated\">\n\t\t\t\t\t\t<div class=\"elementor-element elementor-element-5185e37 elementor-widget elementor-widget-text-editor\" data-id=\"5185e37\" data-element_type=\"widget\" data-e-type=\"widget\" data-widget_type=\"text-editor.default\">\n\t\t\t\t<div class=\"elementor-widget-container\">\n\t\t\t\t\t\t\t\t\t<h4><strong>Woher kommt die ADORA-Tomate?<\/strong><\/h4>\n<p>ADORA ist das Ergebnis von 60 Jahren Know-how in der Z\u00fcchtung von Tomatensorten aus Marmande.<\/p>\n<p>ADORA ist das Ergebnis einer konventionellen Sortenz\u00fcchtung. Sie ist der w\u00fcrdige Erbe von Sorten, die in einer traditionellen mediterranen Tomatenanbauregion angebaut und gegessen werden.<\/p>\n<h4><strong>Was macht ADORA so einzigartig?<\/strong><\/h4>\n<p>ADORA profitiert von den besonderen Eigenschaften der alten Sorten. Ihre urspr\u00fcngliche Farbe, ihre attraktive Form und ihr intensiver Geschmack heben sie jedoch deutlich von allen anderen Tomaten ab.<\/p>\n<h4><strong>Wo und wie wird ADORA angebaut?<\/strong><\/h4>\n<p>Die ADORA-Tomate wird mit dem Know-how leidenschaftlicher Erzeuger im Naturpark Cabo de Gata in Andalusien, einem traditionellen spanischen Anbaugebiet, angebaut.<\/p>\n<p>Die ADORA-Erzeuger verpflichten sich, besondere Anforderungen einzuhalten, um sicherzustellen, dass die Fr\u00fcchte w\u00e4hrend der gesamten Saison in bester Qualit\u00e4t auf den Markt kommen.<\/p>\n<p>Wie nehmen die Verbraucher ADORA wahr?<\/p>\n<p>Es wurde eine Reihe von Fokusgruppen mit Verbrauchern aus verschiedenen europ\u00e4ischen L\u00e4ndern gebildet ADORA zeichnet sich durch seine Originalit\u00e4t und seinen au\u00dfergew\u00f6hnlichen Geschmack aus: ein Aroma, ein intensiver Geschmack und eine S\u00fc\u00dfe, die zu einem einzigartigen sensorischen Erlebnis einladen.<\/p>\n<p>Ist der Verzehr von ADORA gut f\u00fcr meine Gesundheit?<\/p>\n<p>Ja, die ADORA-Tomate ist ein fettarmes Produkt mit einem hohen Gehalt an Antioxidantien (Lycopine, Beta-Carotine und Tocopherole). Au\u00dferdem ist sie eine gute Quelle f\u00fcr Vitamine und Kalium.<\/p>\n<p>Wie komme ich in den vollen Genuss der Vorteile von ADORA?<\/p>\n<p>Frisch, in Viertel geschnitten und mit Oliven\u00f6l betr\u00e4ufelt, bietet ADORA alle seine ern\u00e4hrungsphysiologischen Vorteile. Aber es gibt auch viele andere M\u00f6glichkeiten, ADORA zuzubereiten.<\/p>\n<h4><strong>Wie sollte ich meine ADORA-Tomate lagern?<\/strong><\/h4>\n<p>ADORA ist ein exklusives Produkt, das im K\u00fchlschrank aufbewahrt werden kann, um seine Lebensdauer zu verl\u00e4ngern. Wir empfehlen, sie einige Stunden vor dem Verzehr aus dem K\u00fchlschrank zu nehmen, damit sie ihren au\u00dfergew\u00f6hnlichen Geschmack beh\u00e4lt.<\/p>\n<h4><strong>Wann ist die beste Jahreszeit, um ADORA zu kaufen?<\/strong><\/h4>\n<p>ADORA ist in den Verkaufsstellen haupts\u00e4chlich von Anfang November bis Ende Mai erh\u00e4ltlich. Dies ist die beste Zeit f\u00fcr die Produktion und den Verkauf von Fr\u00fcchten bester Qualit\u00e4t.<\/p>\n\t\t\t\t\t\t\t\t<\/div>\n\t\t\t\t<\/div>\n\t\t\t\t\t<\/div>\n\t\t<\/div>\n\t\t\t\t\t<\/div>\n\t\t<\/section>\n\t\t\t\t<\/div>\n\t\t","protected":false},"excerpt":{"rendered":"<p>H\u00e4ufig gestellte Fragen Woher kommt die ADORA-Tomate? ADORA ist das Ergebnis von 60 Jahren Know-how in der Z\u00fcchtung von Tomatensorten aus Marmande. ADORA ist das Ergebnis einer konventionellen Sortenz\u00fcchtung. Sie ist der w\u00fcrdige Erbe von Sorten, die in einer traditionellen mediterranen Tomatenanbauregion angebaut und gegessen werden. Was macht ADORA so einzigartig? ADORA profitiert von den [&hellip;]<\/p>\n","protected":false},"author":1,"featured_media":0,"parent":0,"menu_order":0,"comment_status":"closed","ping_status":"closed","template":"elementor_header_footer","meta":{"footnotes":""},"class_list":["post-705","page","type-page","status-publish","hentry"],"yoast_head":"<!-- This site is optimized with the Yoast SEO plugin v27.3 - https:\/\/yoast.com\/product\/yoast-seo-wordpress\/ -->\n<title>H\u00e4ufig gestellte Fragen - Tomate adora<\/title>\n<meta name=\"robots\" content=\"index, follow, max-snippet:-1, max-image-preview:large, max-video-preview:-1\" \/>\n<link rel=\"canonical\" href=\"https:\/\/tomato-adora.com\/de\/haeufig-gestellte-fragen\/\" \/>\n<meta property=\"og:locale\" content=\"de_DE\" \/>\n<meta property=\"og:type\" content=\"article\" \/>\n<meta property=\"og:title\" content=\"H\u00e4ufig gestellte Fragen - Tomate adora\" \/>\n<meta property=\"og:description\" content=\"H\u00e4ufig gestellte Fragen Woher kommt die ADORA-Tomate? ADORA ist das Ergebnis von 60 Jahren Know-how in der Z\u00fcchtung von Tomatensorten aus Marmande. ADORA ist das Ergebnis einer konventionellen Sortenz\u00fcchtung. Sie ist der w\u00fcrdige Erbe von Sorten, die in einer traditionellen mediterranen Tomatenanbauregion angebaut und gegessen werden. Was macht ADORA so einzigartig? ADORA profitiert von den [&hellip;]\" \/>\n<meta property=\"og:url\" content=\"https:\/\/tomato-adora.com\/de\/haeufig-gestellte-fragen\/\" \/>\n<meta property=\"og:site_name\" content=\"Tomate adora\" \/>\n<meta property=\"article:modified_time\" content=\"2023-04-02T09:23:10+00:00\" \/>\n<meta name=\"twitter:card\" content=\"summary_large_image\" \/>\n<meta name=\"twitter:label1\" content=\"Gesch\u00e4tzte Lesezeit\" \/>\n\t<meta name=\"twitter:data1\" content=\"2\u00a0Minuten\" \/>\n<script type=\"application\/ld+json\" class=\"yoast-schema-graph\">{\"@context\":\"https:\\\/\\\/schema.org\",\"@graph\":[{\"@type\":\"WebPage\",\"@id\":\"https:\\\/\\\/tomato-adora.com\\\/de\\\/haeufig-gestellte-fragen\\\/\",\"url\":\"https:\\\/\\\/tomato-adora.com\\\/de\\\/haeufig-gestellte-fragen\\\/\",\"name\":\"H\u00e4ufig gestellte Fragen - Tomate adora\",\"isPartOf\":{\"@id\":\"https:\\\/\\\/tomato-adora.com\\\/de\\\/#website\"},\"datePublished\":\"2023-03-31T11:48:51+00:00\",\"dateModified\":\"2023-04-02T09:23:10+00:00\",\"breadcrumb\":{\"@id\":\"https:\\\/\\\/tomato-adora.com\\\/de\\\/haeufig-gestellte-fragen\\\/#breadcrumb\"},\"inLanguage\":\"de\",\"potentialAction\":[{\"@type\":\"ReadAction\",\"target\":[\"https:\\\/\\\/tomato-adora.com\\\/de\\\/haeufig-gestellte-fragen\\\/\"]}]},{\"@type\":\"BreadcrumbList\",\"@id\":\"https:\\\/\\\/tomato-adora.com\\\/de\\\/haeufig-gestellte-fragen\\\/#breadcrumb\",\"itemListElement\":[{\"@type\":\"ListItem\",\"position\":1,\"name\":\"Portada\",\"item\":\"https:\\\/\\\/tomato-adora.com\\\/de\\\/\"},{\"@type\":\"ListItem\",\"position\":2,\"name\":\"H\u00e4ufig gestellte Fragen\"}]},{\"@type\":\"WebSite\",\"@id\":\"https:\\\/\\\/tomato-adora.com\\\/de\\\/#website\",\"url\":\"https:\\\/\\\/tomato-adora.com\\\/de\\\/\",\"name\":\"Tomate adora\",\"description\":\"\",\"potentialAction\":[{\"@type\":\"SearchAction\",\"target\":{\"@type\":\"EntryPoint\",\"urlTemplate\":\"https:\\\/\\\/tomato-adora.com\\\/de\\\/?s={search_term_string}\"},\"query-input\":{\"@type\":\"PropertyValueSpecification\",\"valueRequired\":true,\"valueName\":\"search_term_string\"}}],\"inLanguage\":\"de\"}]}<\/script>\n<!-- \/ Yoast SEO plugin. -->","yoast_head_json":{"title":"H\u00e4ufig gestellte Fragen - Tomate adora","robots":{"index":"index","follow":"follow","max-snippet":"max-snippet:-1","max-image-preview":"max-image-preview:large","max-video-preview":"max-video-preview:-1"},"canonical":"https:\/\/tomato-adora.com\/de\/haeufig-gestellte-fragen\/","og_locale":"de_DE","og_type":"article","og_title":"H\u00e4ufig gestellte Fragen - Tomate adora","og_description":"H\u00e4ufig gestellte Fragen Woher kommt die ADORA-Tomate? ADORA ist das Ergebnis von 60 Jahren Know-how in der Z\u00fcchtung von Tomatensorten aus Marmande. ADORA ist das Ergebnis einer konventionellen Sortenz\u00fcchtung. Sie ist der w\u00fcrdige Erbe von Sorten, die in einer traditionellen mediterranen Tomatenanbauregion angebaut und gegessen werden. Was macht ADORA so einzigartig? ADORA profitiert von den [&hellip;]","og_url":"https:\/\/tomato-adora.com\/de\/haeufig-gestellte-fragen\/","og_site_name":"Tomate adora","article_modified_time":"2023-04-02T09:23:10+00:00","twitter_card":"summary_large_image","twitter_misc":{"Gesch\u00e4tzte Lesezeit":"2\u00a0Minuten"},"schema":{"@context":"https:\/\/schema.org","@graph":[{"@type":"WebPage","@id":"https:\/\/tomato-adora.com\/de\/haeufig-gestellte-fragen\/","url":"https:\/\/tomato-adora.com\/de\/haeufig-gestellte-fragen\/","name":"H\u00e4ufig gestellte Fragen - Tomate adora","isPartOf":{"@id":"https:\/\/tomato-adora.com\/de\/#website"},"datePublished":"2023-03-31T11:48:51+00:00","dateModified":"2023-04-02T09:23:10+00:00","breadcrumb":{"@id":"https:\/\/tomato-adora.com\/de\/haeufig-gestellte-fragen\/#breadcrumb"},"inLanguage":"de","potentialAction":[{"@type":"ReadAction","target":["https:\/\/tomato-adora.com\/de\/haeufig-gestellte-fragen\/"]}]},{"@type":"BreadcrumbList","@id":"https:\/\/tomato-adora.com\/de\/haeufig-gestellte-fragen\/#breadcrumb","itemListElement":[{"@type":"ListItem","position":1,"name":"Portada","item":"https:\/\/tomato-adora.com\/de\/"},{"@type":"ListItem","position":2,"name":"H\u00e4ufig gestellte Fragen"}]},{"@type":"WebSite","@id":"https:\/\/tomato-adora.com\/de\/#website","url":"https:\/\/tomato-adora.com\/de\/","name":"Tomate adora","description":"","potentialAction":[{"@type":"SearchAction","target":{"@type":"EntryPoint","urlTemplate":"https:\/\/tomato-adora.com\/de\/?s={search_term_string}"},"query-input":{"@type":"PropertyValueSpecification","valueRequired":true,"valueName":"search_term_string"}}],"inLanguage":"de"}]}},"_links":{"self":[{"href":"https:\/\/tomato-adora.com\/de\/wp-json\/wp\/v2\/pages\/705","targetHints":{"allow":["GET"]}}],"collection":[{"href":"https:\/\/tomato-adora.com\/de\/wp-json\/wp\/v2\/pages"}],"about":[{"href":"https:\/\/tomato-adora.com\/de\/wp-json\/wp\/v2\/types\/page"}],"author":[{"embeddable":true,"href":"https:\/\/tomato-adora.com\/de\/wp-json\/wp\/v2\/users\/1"}],"replies":[{"embeddable":true,"href":"https:\/\/tomato-adora.com\/de\/wp-json\/wp\/v2\/comments?post=705"}],"version-history":[{"count":3,"href":"https:\/\/tomato-adora.com\/de\/wp-json\/wp\/v2\/pages\/705\/revisions"}],"predecessor-version":[{"id":708,"href":"https:\/\/tomato-adora.com\/de\/wp-json\/wp\/v2\/pages\/705\/revisions\/708"}],"wp:attachment":[{"href":"https:\/\/tomato-adora.com\/de\/wp-json\/wp\/v2\/media?parent=705"}],"curies":[{"name":"wp","href":"https:\/\/api.w.org\/{rel}","templated":true}]}}