{"id":512,"date":"2023-02-06T17:39:56","date_gmt":"2023-02-06T17:39:56","guid":{"rendered":"https:\/\/tomato-adora.com\/general-terms-of-use\/"},"modified":"2023-02-24T13:02:30","modified_gmt":"2023-02-24T13:02:30","slug":"general-terms-of-use","status":"publish","type":"page","link":"https:\/\/tomato-adora.com\/en\/general-terms-of-use\/","title":{"rendered":"General terms of use"},"content":{"rendered":"\t\t<div data-elementor-type=\"wp-page\" data-elementor-id=\"512\" class=\"elementor elementor-512 elementor-64\" data-elementor-post-type=\"page\">\n\t\t\t\t\t\t<section class=\"elementor-section elementor-top-section elementor-element elementor-element-129d05c elementor-section-boxed elementor-section-height-default elementor-section-height-default\" data-id=\"129d05c\" data-element_type=\"section\" data-e-type=\"section\">\n\t\t\t\t\t\t<div class=\"elementor-container elementor-column-gap-default\">\n\t\t\t\t\t<div class=\"elementor-column elementor-col-100 elementor-top-column elementor-element elementor-element-1eb9f0a\" data-id=\"1eb9f0a\" data-element_type=\"column\" data-e-type=\"column\">\n\t\t\t<div class=\"elementor-widget-wrap\">\n\t\t\t\t\t\t\t<\/div>\n\t\t<\/div>\n\t\t\t\t\t<\/div>\n\t\t<\/section>\n\t\t\t\t<section class=\"elementor-section elementor-top-section elementor-element elementor-element-914a28c elementor-section-full_width elementor-section-height-default elementor-section-height-default\" data-id=\"914a28c\" data-element_type=\"section\" data-e-type=\"section\">\n\t\t\t\t\t\t<div class=\"elementor-container elementor-column-gap-default\">\n\t\t\t\t\t<div class=\"elementor-column elementor-col-100 elementor-top-column elementor-element elementor-element-a96d16b\" data-id=\"a96d16b\" data-element_type=\"column\" data-e-type=\"column\">\n\t\t\t<div class=\"elementor-widget-wrap elementor-element-populated\">\n\t\t\t\t\t\t<section class=\"elementor-section elementor-inner-section elementor-element elementor-element-d9b73f3 elementor-section-full_width elementor-section-height-default elementor-section-height-default\" data-id=\"d9b73f3\" data-element_type=\"section\" data-e-type=\"section\">\n\t\t\t\t\t\t<div class=\"elementor-container elementor-column-gap-default\">\n\t\t\t\t\t<div class=\"elementor-column elementor-col-100 elementor-inner-column elementor-element elementor-element-f296970\" data-id=\"f296970\" data-element_type=\"column\" data-e-type=\"column\">\n\t\t\t<div class=\"elementor-widget-wrap elementor-element-populated\">\n\t\t\t\t\t\t<div class=\"elementor-element elementor-element-b8b7512 elementor-widget elementor-widget-spacer\" data-id=\"b8b7512\" data-element_type=\"widget\" data-e-type=\"widget\" data-widget_type=\"spacer.default\">\n\t\t\t\t<div class=\"elementor-widget-container\">\n\t\t\t\t\t\t\t<div class=\"elementor-spacer\">\n\t\t\t<div class=\"elementor-spacer-inner\"><\/div>\n\t\t<\/div>\n\t\t\t\t\t\t<\/div>\n\t\t\t\t<\/div>\n\t\t\t\t<div class=\"elementor-element elementor-element-4f7da40 animated-slow elementor-invisible elementor-widget elementor-widget-heading\" data-id=\"4f7da40\" data-element_type=\"widget\" data-e-type=\"widget\" data-settings=\"{&quot;_animation&quot;:&quot;fadeInLeft&quot;}\" data-widget_type=\"heading.default\">\n\t\t\t\t<div class=\"elementor-widget-container\">\n\t\t\t\t\t<h1 class=\"elementor-heading-title elementor-size-default\">GENERAL<br>TERMS OF USE<\/h1>\t\t\t\t<\/div>\n\t\t\t\t<\/div>\n\t\t\t\t<div class=\"elementor-element elementor-element-6cde673 elementor-widget elementor-widget-text-editor\" data-id=\"6cde673\" data-element_type=\"widget\" data-e-type=\"widget\" data-widget_type=\"text-editor.default\">\n\t\t\t\t<div class=\"elementor-widget-container\">\n\t\t\t\t\t\t\t\t\t<\/p>\n<p>Welcome to the website <a href=\"https:\/\/www.tomato-adora.com\">www.tomato-adora.com<\/a>. The followings general terms of use govern the access to and use of <a href=\"https:\/\/www.tomato-adora.com\">www.tomato-adora.com<\/a> (the \u201cSite\u201d). Please read these general terms of use carefully before you start to use the Site. Your use of the Site will constitute your agreement to abide by these terms. Your use of the Site will constitute your agreement to abide by these terms.<\/p>\n<p>HM.CLAUSE may revise these general terms of use at any time at its sole discretion. All changes are effective immediately when posted. By continuing to use the Site, you agree to be bound by any such revisions.<\/p>\n<\/p>\n<h4>Legal terms<\/h4>\n<p><b>The Publisher of the Site is<\/b> HM.CLAUSE S.A.S.,\u2013 capital: 10.061.492,50 Euros, whose registered office is located at rue Louis Saillant, Zone Industrielle La Motte, 26800 PORTES-L\u00c8S-VALENCE (Dr\u00f4me), France, registered with the Registry of Commerce and Companies of ROMANS-SUR-IS\u00c8RE (Dr\u00f4me, France) under the number 435.480.546. Phone number : +33 (0)4 75 57 57 57<\/p>\n<p>HM.CLAUSE S.A.S., its affiliates and subsidiaries being hereinafter referred to as \u201cHM.CLAUSE\u201d<\/p>\n<p><b>The Publication Director and Managing Editor:<\/b> is Mrs. Anne ORLANDI.<\/p>\n<p><b>The Site is hosted by<\/b> SARL LICOM DEVELOPPEMENT \u2013 14 Bis Rue du Rh\u00f4ne, 26600 GERVANS \u2013 Phone number : +33 (0)4 69 96 99 20<\/p>\n<p><b>The Sitehas been designed by<\/b> HORMIGUEA, LA HORMIGA DEL MARKETING S.L. \u2013 B04818563,<\/p>\n<p>calle jard\u00edn de medina sn planta 3 puerta 2, bloque C, 04006 ALMER\u00cdA \u2013 (Espa\u00f1a) Phone number : +34 950 711 472<\/p>\n<p>+ 34 950 239 366<\/p>\n<h4>Personal data<\/h4>\n<p>This Site collects or may collect personal data, in accordance with the Personal data Policy located at <a href=\"https:\/\/tomato-adora.com\/en\/personal-data-policy\/\">tomato-adora.com\/en\/privacy-policy\/<\/a> and Cookies Policy located at <a href=\"https:\/\/tomato-adora.com\/en\/personal-data-policy\/\">tomato-adora.com\/en\/cookies-policy\/<\/a> applicable to the Site. We encourage you to read our Personal Data Policy and our Cookies Policy. By using the Site, you consent to all actions taken by us with respect to your personal information in compliance with Our Privacy Policy.<\/p>\n<p>Users of the Site shall comply with all applicable legal provision related to the use of personal data and of Internet, any breach of which constitutes a criminal and\/or civil offence that is punishable by law. They must, among others, refrain from collecting or misusing any data of a personal nature they may have access to by using the Site, and more generally, they must refrain from doing anything that might, among others, infringe privacy, personal data or reputation of any person.<\/p>\n<\/p>\n<h4>Intellectual property rights<\/h4>\n<p>The entire content of this Site is protected by intellectual property laws (covering, without limitation, information, company names, trademarks, logos, variety names, drawings, slogans or more generally other distinctive signs, texts, graphics, data, pictures, photographs, images, forms, databases, the Site itself, and any and all parts of the Site etc.).<\/p>\n<p>Any use and\/or reproduction and\/or representation of such company names, trademarks, logos, variety names, drawings, slogans or more generally other distinctive signs texts, graphics, data, pictures, photographs, images, forms, databases, the Site itself, and any and all parts of the Site, available on the website without HM.CLAUSE\u2019s prior written authorization is hereby strictly prohibited.<\/p>\n<p>Any copy, printing, reproduction, representation, adaptation, exploitation, alteration, translation or diffusion, whether in full or in part, of this Site content, whatever the process involved, is hereby prohibited and would constitute a breach of intellectual property rights punishable by the applicable laws and regulations, except in case of a single copy made on a single computer solely for the private use of the copier.<\/p>\n<p>Creation or use of hypertext links to one or more pages of this Site or one of its elements is prohibited, except with the prior written consent of HM.CLAUSE.<\/p>\n<p>This Site contains or may contain hypertext links to other websites. HM.CLAUSE shall not be held responsible for the content of such websites or for the use of such content that may be done by users.<\/p>\n<\/p>\n<h4>Photographic credits<\/h4>\n<p>All rights reserved \u2013 \u00a9 HM.CLAUSE \u2013 Alberto Rojas \u2013 Emmanuel Georges \u2013 Martyn Thompson- Hormiguea<\/p>\n<\/p>\n<h4>Accessibility of the Site \/ Disclaimer<\/h4>\n<p>All the information and documents that are accessible through this Site are provided \u201cas is\u201d and \u201cwith all faults\u201d. HM.CLAUSE does not provide any warranty whether implied or express, and disclaims any liability in connection with these information and documents. HM.CLAUSE hereby disclaims any liability for inaccuracies, errors, omissions and partial information contained on this Site. HM.CLAUSE shall be entitled to modify or correct the content of this Site at any time. The user uses the data and information contained in this Site at its sole and entire responsibility.<\/p>\n<p>HM.CLAUSE endeavors to maintain access to this Site, but has no obligation to succeed in maintaining it. Access to all or part of this Site may be altered, suspended or interrupted for maintenance, upgrade, and for any other reason, upon HM.CLAUSE\u2019s decision, in particular but not only for technical or legal reasons.<\/p>\n<p>In any case, HM.CLAUSE cannot be held liable for these alterations, suspensions or interruptions, nor for any direct or indirect damage or loss whatsoever resulting from access to and\/or use of this Site or of any information obtained on this Site. Any information, texts, presentations, documents and photographs available on this Site are purely indicative and non-contractual.<\/p>\n<p>HM.CLAUSE hereby disclaim(s) any liability for damage resulting from the infection of the computer systems of users of this Site by a virus or other detrimental computer infection. It is up to users to take all appropriate measures to protect themselves against viruses when they access the Site or download documents from the Site.<\/p>\n<\/p>\n<h4>Applicable law<\/h4>\n<p>This Site and its legal terms shall be governed exclusively by French law. Any disputes that may arise in connection with this Site and its legal terms shall be brought solely before the competent Courts of Paris.<\/p>\n<\/p>\n<p><i>Last Modified : October 14th, 2020.<\/i><\/p>\n\t\t\t\t\t\t\t\t<\/div>\n\t\t\t\t<\/div>\n\t\t\t\t<div class=\"elementor-element elementor-element-9f6b0d7 elementor-widget elementor-widget-spacer\" data-id=\"9f6b0d7\" data-element_type=\"widget\" data-e-type=\"widget\" data-widget_type=\"spacer.default\">\n\t\t\t\t<div class=\"elementor-widget-container\">\n\t\t\t\t\t\t\t<div class=\"elementor-spacer\">\n\t\t\t<div class=\"elementor-spacer-inner\"><\/div>\n\t\t<\/div>\n\t\t\t\t\t\t<\/div>\n\t\t\t\t<\/div>\n\t\t\t\t\t<\/div>\n\t\t<\/div>\n\t\t\t\t\t<\/div>\n\t\t<\/section>\n\t\t\t\t\t<\/div>\n\t\t<\/div>\n\t\t\t\t\t<\/div>\n\t\t<\/section>\n\t\t\t\t<\/div>\n\t\t","protected":false},"excerpt":{"rendered":"<p>GENERALTERMS OF USE Welcome to the website www.tomato-adora.com. The followings general terms of use govern the access to and use of www.tomato-adora.com (the \u201cSite\u201d). Please read these general terms of use carefully before you start to use the Site. Your use of the Site will constitute your agreement to abide by these terms. Your use [&hellip;]<\/p>\n","protected":false},"author":1,"featured_media":0,"parent":0,"menu_order":0,"comment_status":"closed","ping_status":"closed","template":"elementor_header_footer","meta":{"footnotes":""},"class_list":["post-512","page","type-page","status-publish","hentry"],"yoast_head":"<!-- This site is optimized with the Yoast SEO plugin v27.3 - https:\/\/yoast.com\/product\/yoast-seo-wordpress\/ -->\n<title>General terms of use - Tomate adora<\/title>\n<meta name=\"robots\" content=\"index, follow, max-snippet:-1, max-image-preview:large, max-video-preview:-1\" \/>\n<link rel=\"canonical\" href=\"https:\/\/tomato-adora.com\/en\/general-terms-of-use\/\" \/>\n<meta property=\"og:locale\" content=\"en_US\" \/>\n<meta property=\"og:type\" content=\"article\" \/>\n<meta property=\"og:title\" content=\"General terms of use - Tomate adora\" \/>\n<meta property=\"og:description\" content=\"GENERALTERMS OF USE Welcome to the website www.tomato-adora.com. The followings general terms of use govern the access to and use of www.tomato-adora.com (the \u201cSite\u201d). Please read these general terms of use carefully before you start to use the Site. Your use of the Site will constitute your agreement to abide by these terms. Your use [&hellip;]\" \/>\n<meta property=\"og:url\" content=\"https:\/\/tomato-adora.com\/en\/general-terms-of-use\/\" \/>\n<meta property=\"og:site_name\" content=\"Tomate adora\" \/>\n<meta property=\"article:modified_time\" content=\"2023-02-24T13:02:30+00:00\" \/>\n<meta name=\"twitter:card\" content=\"summary_large_image\" \/>\n<meta name=\"twitter:label1\" content=\"Est. reading time\" \/>\n\t<meta name=\"twitter:data1\" content=\"5 minutes\" \/>\n<script type=\"application\/ld+json\" class=\"yoast-schema-graph\">{\"@context\":\"https:\\\/\\\/schema.org\",\"@graph\":[{\"@type\":\"WebPage\",\"@id\":\"https:\\\/\\\/tomato-adora.com\\\/en\\\/general-terms-of-use\\\/\",\"url\":\"https:\\\/\\\/tomato-adora.com\\\/en\\\/general-terms-of-use\\\/\",\"name\":\"General terms of use - Tomate adora\",\"isPartOf\":{\"@id\":\"https:\\\/\\\/tomato-adora.com\\\/en\\\/#website\"},\"datePublished\":\"2023-02-06T17:39:56+00:00\",\"dateModified\":\"2023-02-24T13:02:30+00:00\",\"breadcrumb\":{\"@id\":\"https:\\\/\\\/tomato-adora.com\\\/en\\\/general-terms-of-use\\\/#breadcrumb\"},\"inLanguage\":\"en-US\",\"potentialAction\":[{\"@type\":\"ReadAction\",\"target\":[\"https:\\\/\\\/tomato-adora.com\\\/en\\\/general-terms-of-use\\\/\"]}]},{\"@type\":\"BreadcrumbList\",\"@id\":\"https:\\\/\\\/tomato-adora.com\\\/en\\\/general-terms-of-use\\\/#breadcrumb\",\"itemListElement\":[{\"@type\":\"ListItem\",\"position\":1,\"name\":\"Portada\",\"item\":\"https:\\\/\\\/tomato-adora.com\\\/en\\\/\"},{\"@type\":\"ListItem\",\"position\":2,\"name\":\"General terms of use\"}]},{\"@type\":\"WebSite\",\"@id\":\"https:\\\/\\\/tomato-adora.com\\\/en\\\/#website\",\"url\":\"https:\\\/\\\/tomato-adora.com\\\/en\\\/\",\"name\":\"Tomate adora\",\"description\":\"\",\"potentialAction\":[{\"@type\":\"SearchAction\",\"target\":{\"@type\":\"EntryPoint\",\"urlTemplate\":\"https:\\\/\\\/tomato-adora.com\\\/en\\\/?s={search_term_string}\"},\"query-input\":{\"@type\":\"PropertyValueSpecification\",\"valueRequired\":true,\"valueName\":\"search_term_string\"}}],\"inLanguage\":\"en-US\"}]}<\/script>\n<!-- \/ Yoast SEO plugin. -->","yoast_head_json":{"title":"General terms of use - Tomate adora","robots":{"index":"index","follow":"follow","max-snippet":"max-snippet:-1","max-image-preview":"max-image-preview:large","max-video-preview":"max-video-preview:-1"},"canonical":"https:\/\/tomato-adora.com\/en\/general-terms-of-use\/","og_locale":"en_US","og_type":"article","og_title":"General terms of use - Tomate adora","og_description":"GENERALTERMS OF USE Welcome to the website www.tomato-adora.com. The followings general terms of use govern the access to and use of www.tomato-adora.com (the \u201cSite\u201d). Please read these general terms of use carefully before you start to use the Site. Your use of the Site will constitute your agreement to abide by these terms. Your use [&hellip;]","og_url":"https:\/\/tomato-adora.com\/en\/general-terms-of-use\/","og_site_name":"Tomate adora","article_modified_time":"2023-02-24T13:02:30+00:00","twitter_card":"summary_large_image","twitter_misc":{"Est. reading time":"5 minutes"},"schema":{"@context":"https:\/\/schema.org","@graph":[{"@type":"WebPage","@id":"https:\/\/tomato-adora.com\/en\/general-terms-of-use\/","url":"https:\/\/tomato-adora.com\/en\/general-terms-of-use\/","name":"General terms of use - Tomate adora","isPartOf":{"@id":"https:\/\/tomato-adora.com\/en\/#website"},"datePublished":"2023-02-06T17:39:56+00:00","dateModified":"2023-02-24T13:02:30+00:00","breadcrumb":{"@id":"https:\/\/tomato-adora.com\/en\/general-terms-of-use\/#breadcrumb"},"inLanguage":"en-US","potentialAction":[{"@type":"ReadAction","target":["https:\/\/tomato-adora.com\/en\/general-terms-of-use\/"]}]},{"@type":"BreadcrumbList","@id":"https:\/\/tomato-adora.com\/en\/general-terms-of-use\/#breadcrumb","itemListElement":[{"@type":"ListItem","position":1,"name":"Portada","item":"https:\/\/tomato-adora.com\/en\/"},{"@type":"ListItem","position":2,"name":"General terms of use"}]},{"@type":"WebSite","@id":"https:\/\/tomato-adora.com\/en\/#website","url":"https:\/\/tomato-adora.com\/en\/","name":"Tomate adora","description":"","potentialAction":[{"@type":"SearchAction","target":{"@type":"EntryPoint","urlTemplate":"https:\/\/tomato-adora.com\/en\/?s={search_term_string}"},"query-input":{"@type":"PropertyValueSpecification","valueRequired":true,"valueName":"search_term_string"}}],"inLanguage":"en-US"}]}},"_links":{"self":[{"href":"https:\/\/tomato-adora.com\/en\/wp-json\/wp\/v2\/pages\/512","targetHints":{"allow":["GET"]}}],"collection":[{"href":"https:\/\/tomato-adora.com\/en\/wp-json\/wp\/v2\/pages"}],"about":[{"href":"https:\/\/tomato-adora.com\/en\/wp-json\/wp\/v2\/types\/page"}],"author":[{"embeddable":true,"href":"https:\/\/tomato-adora.com\/en\/wp-json\/wp\/v2\/users\/1"}],"replies":[{"embeddable":true,"href":"https:\/\/tomato-adora.com\/en\/wp-json\/wp\/v2\/comments?post=512"}],"version-history":[{"count":7,"href":"https:\/\/tomato-adora.com\/en\/wp-json\/wp\/v2\/pages\/512\/revisions"}],"predecessor-version":[{"id":607,"href":"https:\/\/tomato-adora.com\/en\/wp-json\/wp\/v2\/pages\/512\/revisions\/607"}],"wp:attachment":[{"href":"https:\/\/tomato-adora.com\/en\/wp-json\/wp\/v2\/media?parent=512"}],"curies":[{"name":"wp","href":"https:\/\/api.w.org\/{rel}","templated":true}]}}