{"id":521,"date":"2023-02-06T17:42:46","date_gmt":"2023-02-06T17:42:46","guid":{"rendered":"https:\/\/tomato-adora.com\/politique-donnees-personelles\/"},"modified":"2023-02-24T13:10:13","modified_gmt":"2023-02-24T13:10:13","slug":"politique-donnees-personelles","status":"publish","type":"page","link":"https:\/\/tomato-adora.com\/fr\/politique-donnees-personelles\/","title":{"rendered":"Politique donn\u00e9es personelles"},"content":{"rendered":"\t\t<div data-elementor-type=\"wp-page\" data-elementor-id=\"521\" class=\"elementor elementor-521 elementor-69\" data-elementor-post-type=\"page\">\n\t\t\t\t\t\t<section class=\"elementor-section elementor-top-section elementor-element elementor-element-e9fa333 elementor-section-full_width elementor-section-height-default elementor-section-height-default\" data-id=\"e9fa333\" data-element_type=\"section\" data-e-type=\"section\">\n\t\t\t\t\t\t<div class=\"elementor-container elementor-column-gap-default\">\n\t\t\t\t\t<div class=\"elementor-column elementor-col-100 elementor-top-column elementor-element elementor-element-a4578c0\" data-id=\"a4578c0\" data-element_type=\"column\" data-e-type=\"column\">\n\t\t\t<div class=\"elementor-widget-wrap elementor-element-populated\">\n\t\t\t\t\t\t<section class=\"elementor-section elementor-inner-section elementor-element elementor-element-95d54e2 elementor-section-full_width elementor-section-height-default elementor-section-height-default\" data-id=\"95d54e2\" data-element_type=\"section\" data-e-type=\"section\">\n\t\t\t\t\t\t<div class=\"elementor-container elementor-column-gap-default\">\n\t\t\t\t\t<div class=\"elementor-column elementor-col-100 elementor-inner-column elementor-element elementor-element-f4979f8\" data-id=\"f4979f8\" data-element_type=\"column\" data-e-type=\"column\">\n\t\t\t<div class=\"elementor-widget-wrap elementor-element-populated\">\n\t\t\t\t\t\t<div class=\"elementor-element elementor-element-38a118b elementor-widget elementor-widget-spacer\" data-id=\"38a118b\" data-element_type=\"widget\" data-e-type=\"widget\" data-widget_type=\"spacer.default\">\n\t\t\t\t<div class=\"elementor-widget-container\">\n\t\t\t\t\t\t\t<div class=\"elementor-spacer\">\n\t\t\t<div class=\"elementor-spacer-inner\"><\/div>\n\t\t<\/div>\n\t\t\t\t\t\t<\/div>\n\t\t\t\t<\/div>\n\t\t\t\t<div class=\"elementor-element elementor-element-256fb5d animated-slow elementor-invisible elementor-widget elementor-widget-heading\" data-id=\"256fb5d\" data-element_type=\"widget\" data-e-type=\"widget\" data-settings=\"{&quot;_animation&quot;:&quot;fadeInLeft&quot;}\" data-widget_type=\"heading.default\">\n\t\t\t\t<div class=\"elementor-widget-container\">\n\t\t\t\t\t<h1 class=\"elementor-heading-title elementor-size-default\">POLITIQUE<br>DONN\u00c9ES PERSONELLES<\/h1>\t\t\t\t<\/div>\n\t\t\t\t<\/div>\n\t\t\t\t<div class=\"elementor-element elementor-element-d13a9b9 elementor-widget elementor-widget-text-editor\" data-id=\"d13a9b9\" data-element_type=\"widget\" data-e-type=\"widget\" data-widget_type=\"text-editor.default\">\n\t\t\t\t<div class=\"elementor-widget-container\">\n\t\t\t\t\t\t\t\t\t<br>\n<p>HM.CLAUSE S.A.S, ses filiales et affili\u00e9es (ci-apr\u00e8s collectivement d\u00e9nomm\u00e9es \u00ab HM.CLAUSE \u00bb, \u00ab nous \u00bb, \u00ab notre \u00bb, \u00ab nos \u00bb) portent une attention toute particuli\u00e8re \u00e0 la protection de vos donn\u00e9es personnelles. La pr\u00e9sente politique \u00ab Donn\u00e9es Personnelles \u00bb d\u00e9crit les types de donn\u00e9es personnelles collect\u00e9es par HM.CLAUSE ou que vous pouvez \u00eatre amen\u00e9s \u00e0 nous communiquer lors de votre visite du site <a href=\"https:\/\/tomato-adora.com\/fr\/\">www.tomato-adora.com<\/a> (ci-apr\u00e8s \u00ab Site \u00bb), nos pratiques en mati\u00e8re de traitement, protection et utilisation de vos donn\u00e9es personnelles ainsi que des informations relatives \u00e0 vos droits concernant vos donn\u00e9es personnelles.<\/p>\n<p>HM.CLAUSE s\u2019engage \u00e0 ce que la collecte et le traitement de vos donn\u00e9es personnelles soient conformes au R\u00e8glement Europ\u00e9en 2016\/679 ainsi qu\u2019aux l\u00e9gislations nationales applicables relatives \u00e0 la protection des donn\u00e9es personnelles.<\/p>\n<p>Pour veiller \u00e0 la protection des donn\u00e9es personnelles, le Groupe Limagrain (dont fait partie HM.CLAUSE) a d\u00e9sign\u00e9 un D\u00e9l\u00e9gu\u00e9 \u00e0 la Protection des Donn\u00e9es (DPO). <\/p>\n<br>\n<h4>1- Le champ d\u2019application<\/h4>\n<p>Cette politique \u00ab Donn\u00e9es Personnelles \u00bb s\u2019applique au Site et aux donn\u00e9es personnelles collect\u00e9es par ou via le Site. <\/p>\n<br>\n<h4>2- Les donn\u00e9es personnelles que HM.CLAUSE collecte<\/h4>\n<p>HM.CLAUSE s\u2019engage \u00e0 collecter et traiter uniquement les donn\u00e9es personnelles pertinentes et n\u00e9cessaires, et ce pour des finalit\u00e9s d\u00e9termin\u00e9es, explicites et l\u00e9gitimes.<\/p>\n<p>HM.CLAUSE est amen\u00e9e \u00e0 traiter les donn\u00e9es personnelles que vous nous communiquez directement sur le Site ainsi que des donn\u00e9es personnelles que nous collectons automatiquement.<\/p>\n<p>Les donn\u00e9es personnelles collect\u00e9es par HM.CLAUSE sur le Site sont utilis\u00e9es pour g\u00e9rer nos relations avec vous, utilisateur du Site, et pour le traitement de vos demandes.<\/p>\n<br>\n<h5>2.1 La nature des donn\u00e9es personnelles <\/h5>\n<h6><i>a) Les informations que vous nous communiquez en compl\u00e9mentant le formulaire de contact :<\/i><\/h6>\n<p>Ces donn\u00e9es personnelles sont:<\/p>\n<ul>\n<li>Votre nom<\/li>\n<li>Votre pr\u00e9nom<\/li>\n<li>Votre soci\u00e9t\u00e9<\/li>\n<li>Votre email<\/li>\n<li>L\u2019objet de votre message, lorsqu\u2019il contient des donn\u00e9es personnelles<\/li>\n<li>Votre message, lorsqu\u2019il contient des donn\u00e9es personnelles<\/li>\n<\/ul>\n<h6><i>b) Les informations que HM.CLAUSE collecte automatiquement<\/i><\/h6>\n<p>HM.CLAUSE peut \u00eatre amen\u00e9e \u00e0 collecter automatiquement les informations suivantes lors de votre navigation sur notre Site:<\/p>\n<ul>\n<li>Nombre d\u2019utilisateurs et de sessions<\/li>\n<li>Dur\u00e9e de la session<\/li>\n<li>Syst\u00e8mes d\u2019exploitation<\/li>\n<li>Mod\u00e8les d\u2019appareils<\/li>\n<li>Donn\u00e9es g\u00e9ographiques<\/li>\n<li>Premi\u00e8res sorties<\/li>\n<li>Heures d\u2019ouverture<\/li>\n<li>Mises \u00e0 jour<\/li> \n<\/ul>\n<br>\n<h5>2.2 Les bases l\u00e9gales sur lesquelles nous fondons nos traitements de donn\u00e9es personnelles<\/h5>\n<p>S\u2019agissant des donn\u00e9es personnelles mentionn\u00e9es au point 2.1. a ci-dessus, HM.CLAUSE effectue le traitement desdites donn\u00e9es sur la base l\u00e9gale de l\u2019int\u00e9r\u00eat l\u00e9gitime. Ainsi, HM.CLAUSE utilise ces donn\u00e9es dans le seul but de vous assister et r\u00e9pondre \u00e0 vos questions. <\/p>\n<p>S\u2019agissant des donn\u00e9es personnelles que HM.CLAUSE collecte automatiquement (cf 2.1.b), nous avons mis en place une Politique relative aux cookies, expliquant l\u2019utilisation faite des cookies et les finalit\u00e9s poursuivies. Nous vous encourageons \u00e0 prendre connaissance de notre Politique de Cookies \u00e0 laquelle vous pouvez acc\u00e9der en <a href=\"https:\/\/tomato-adora.com\/es\/politica-cookies\/\">cliquant ici<\/a>.<\/p>\n<br>\n<h5>2.3 La dur\u00e9e de conservation de vos donn\u00e9es personnelles <\/h5>\n<p>Les donn\u00e9es personnelles mentionn\u00e9es au paragraphe 2 ci-dessus sont conserv\u00e9es par HM.CLAUSE pour une dur\u00e9e d\u00e9termin\u00e9e et proportionn\u00e9e en fonction de la ou des finalit\u00e9(s) du traitement. <\/p>\n<br>\n<h4>3- La s\u00e9curit\u00e9, le stockage et les destinataires de vos donn\u00e9es personnelles<\/h4>\n<p>HM.CLAUSE met en place les mesures appropri\u00e9es en vue de la protection de vos donn\u00e9es personnelles Les informations que vous \u00eates amen\u00e9s \u00e0 nous communiquer sont stock\u00e9es sur des serveurs s\u00e9curis\u00e9s. <\/p>\n<p>N\u00e9anmoins, et en raison de la nature et des risques inh\u00e9rents \u00e0 l\u2019usage d\u2019internet et de son contenu, HM.CLAUSE ne peut en aucun cas garantir une totale s\u00e9curisation des donn\u00e9es.<\/p>\n<p>En outre, seules les personnes habilit\u00e9es en raison de leurs fonctions pourront avoir acc\u00e8s \u00e0 vos donn\u00e9es personnelles Ainsi, sont susceptibles d\u2019avoir acc\u00e8s \u00e0 vos donn\u00e9es personnelles :<\/p>\n<ul>\n<li>HM.CLAUSE : HM.CLAUSE fait partie du Groupe Limagrain, groupe international, et peut \u00eatre amen\u00e9e \u00e0 communiquer vos donn\u00e9es personnelles au sein du Groupe.<\/li>\n<li>HORMIGUEA et CELEONET, en tant que sous-traitants, peuvent avoir acc\u00e8s \u00e0 vos donn\u00e9es personnelles.<\/li>\n<\/ul>\n<br>\n<h4>4- Vos droits concernant vos donn\u00e9es personnelles<\/h4>\n<p>Vous b\u00e9n\u00e9ficiez des droits d\u00e9coulant de l\u2019application du R\u00e8glement Europ\u00e9en 2016\/679 ainsi que des l\u00e9gislations nationales applicables relatives \u00e0 la protection des donn\u00e9es personnelles.<\/p>\n<p>En particulier, vous pouvez demander l\u2019acc\u00e8s, la rectification, la suppression, la portabilit\u00e9, la restriction du traitement de vos donn\u00e9es personnelles et\/ou vous opposer au traitement de vos donn\u00e9es personnelles en contactant le Service Communication de HM.CLAUSE : rue Louis Saillant, Z.I. La Motte, 26800 PORTES-LES-VALENCE, France ou personaldata@hmclause.com.<\/p>\n<br>\n<p><i>derni\u00e8re mise \u00e0 jour le 14\/10\/2020<\/i><\/p>\t\t\t\t\t\t\t\t<\/div>\n\t\t\t\t<\/div>\n\t\t\t\t<div class=\"elementor-element elementor-element-a4967ea elementor-widget elementor-widget-spacer\" data-id=\"a4967ea\" data-element_type=\"widget\" data-e-type=\"widget\" data-widget_type=\"spacer.default\">\n\t\t\t\t<div class=\"elementor-widget-container\">\n\t\t\t\t\t\t\t<div class=\"elementor-spacer\">\n\t\t\t<div class=\"elementor-spacer-inner\"><\/div>\n\t\t<\/div>\n\t\t\t\t\t\t<\/div>\n\t\t\t\t<\/div>\n\t\t\t\t\t<\/div>\n\t\t<\/div>\n\t\t\t\t\t<\/div>\n\t\t<\/section>\n\t\t\t\t\t<\/div>\n\t\t<\/div>\n\t\t\t\t\t<\/div>\n\t\t<\/section>\n\t\t\t\t<\/div>\n\t\t","protected":false},"excerpt":{"rendered":"<p>POLITIQUEDONN\u00c9ES PERSONELLES HM.CLAUSE S.A.S, ses filiales et affili\u00e9es (ci-apr\u00e8s collectivement d\u00e9nomm\u00e9es \u00ab HM.CLAUSE \u00bb, \u00ab nous \u00bb, \u00ab notre \u00bb, \u00ab nos \u00bb) portent une attention toute particuli\u00e8re \u00e0 la protection de vos donn\u00e9es personnelles. La pr\u00e9sente politique \u00ab Donn\u00e9es Personnelles \u00bb d\u00e9crit les types de donn\u00e9es personnelles collect\u00e9es par HM.CLAUSE ou que vous pouvez [&hellip;]<\/p>\n","protected":false},"author":1,"featured_media":0,"parent":0,"menu_order":0,"comment_status":"closed","ping_status":"closed","template":"elementor_header_footer","meta":{"footnotes":""},"class_list":["post-521","page","type-page","status-publish","hentry"],"yoast_head":"<!-- This site is optimized with the Yoast SEO plugin v27.3 - https:\/\/yoast.com\/product\/yoast-seo-wordpress\/ -->\n<title>Politique donn\u00e9es personelles - Tomate adora<\/title>\n<meta name=\"robots\" content=\"index, follow, max-snippet:-1, max-image-preview:large, max-video-preview:-1\" \/>\n<link rel=\"canonical\" href=\"https:\/\/tomato-adora.com\/fr\/politique-donnees-personelles\/\" \/>\n<meta property=\"og:locale\" content=\"fr_FR\" \/>\n<meta property=\"og:type\" content=\"article\" \/>\n<meta property=\"og:title\" content=\"Politique donn\u00e9es personelles - Tomate adora\" \/>\n<meta property=\"og:description\" content=\"POLITIQUEDONN\u00c9ES PERSONELLES HM.CLAUSE S.A.S, ses filiales et affili\u00e9es (ci-apr\u00e8s collectivement d\u00e9nomm\u00e9es \u00ab HM.CLAUSE \u00bb, \u00ab nous \u00bb, \u00ab notre \u00bb, \u00ab nos \u00bb) portent une attention toute particuli\u00e8re \u00e0 la protection de vos donn\u00e9es personnelles. La pr\u00e9sente politique \u00ab Donn\u00e9es Personnelles \u00bb d\u00e9crit les types de donn\u00e9es personnelles collect\u00e9es par HM.CLAUSE ou que vous pouvez [&hellip;]\" \/>\n<meta property=\"og:url\" content=\"https:\/\/tomato-adora.com\/fr\/politique-donnees-personelles\/\" \/>\n<meta property=\"og:site_name\" content=\"Tomate adora\" \/>\n<meta property=\"article:modified_time\" content=\"2023-02-24T13:10:13+00:00\" \/>\n<meta name=\"twitter:card\" content=\"summary_large_image\" \/>\n<meta name=\"twitter:label1\" content=\"Dur\u00e9e de lecture estim\u00e9e\" \/>\n\t<meta name=\"twitter:data1\" content=\"4 minutes\" \/>\n<script type=\"application\/ld+json\" class=\"yoast-schema-graph\">{\"@context\":\"https:\\\/\\\/schema.org\",\"@graph\":[{\"@type\":\"WebPage\",\"@id\":\"https:\\\/\\\/tomato-adora.com\\\/fr\\\/politique-donnees-personelles\\\/\",\"url\":\"https:\\\/\\\/tomato-adora.com\\\/fr\\\/politique-donnees-personelles\\\/\",\"name\":\"Politique donn\u00e9es personelles - Tomate adora\",\"isPartOf\":{\"@id\":\"https:\\\/\\\/tomato-adora.com\\\/fr\\\/#website\"},\"datePublished\":\"2023-02-06T17:42:46+00:00\",\"dateModified\":\"2023-02-24T13:10:13+00:00\",\"breadcrumb\":{\"@id\":\"https:\\\/\\\/tomato-adora.com\\\/fr\\\/politique-donnees-personelles\\\/#breadcrumb\"},\"inLanguage\":\"fr-FR\",\"potentialAction\":[{\"@type\":\"ReadAction\",\"target\":[\"https:\\\/\\\/tomato-adora.com\\\/fr\\\/politique-donnees-personelles\\\/\"]}]},{\"@type\":\"BreadcrumbList\",\"@id\":\"https:\\\/\\\/tomato-adora.com\\\/fr\\\/politique-donnees-personelles\\\/#breadcrumb\",\"itemListElement\":[{\"@type\":\"ListItem\",\"position\":1,\"name\":\"Portada\",\"item\":\"https:\\\/\\\/tomato-adora.com\\\/fr\\\/\"},{\"@type\":\"ListItem\",\"position\":2,\"name\":\"Politique donn\u00e9es personelles\"}]},{\"@type\":\"WebSite\",\"@id\":\"https:\\\/\\\/tomato-adora.com\\\/fr\\\/#website\",\"url\":\"https:\\\/\\\/tomato-adora.com\\\/fr\\\/\",\"name\":\"Tomate adora\",\"description\":\"\",\"potentialAction\":[{\"@type\":\"SearchAction\",\"target\":{\"@type\":\"EntryPoint\",\"urlTemplate\":\"https:\\\/\\\/tomato-adora.com\\\/fr\\\/?s={search_term_string}\"},\"query-input\":{\"@type\":\"PropertyValueSpecification\",\"valueRequired\":true,\"valueName\":\"search_term_string\"}}],\"inLanguage\":\"fr-FR\"}]}<\/script>\n<!-- \/ Yoast SEO plugin. -->","yoast_head_json":{"title":"Politique donn\u00e9es personelles - Tomate adora","robots":{"index":"index","follow":"follow","max-snippet":"max-snippet:-1","max-image-preview":"max-image-preview:large","max-video-preview":"max-video-preview:-1"},"canonical":"https:\/\/tomato-adora.com\/fr\/politique-donnees-personelles\/","og_locale":"fr_FR","og_type":"article","og_title":"Politique donn\u00e9es personelles - Tomate adora","og_description":"POLITIQUEDONN\u00c9ES PERSONELLES HM.CLAUSE S.A.S, ses filiales et affili\u00e9es (ci-apr\u00e8s collectivement d\u00e9nomm\u00e9es \u00ab HM.CLAUSE \u00bb, \u00ab nous \u00bb, \u00ab notre \u00bb, \u00ab nos \u00bb) portent une attention toute particuli\u00e8re \u00e0 la protection de vos donn\u00e9es personnelles. La pr\u00e9sente politique \u00ab Donn\u00e9es Personnelles \u00bb d\u00e9crit les types de donn\u00e9es personnelles collect\u00e9es par HM.CLAUSE ou que vous pouvez [&hellip;]","og_url":"https:\/\/tomato-adora.com\/fr\/politique-donnees-personelles\/","og_site_name":"Tomate adora","article_modified_time":"2023-02-24T13:10:13+00:00","twitter_card":"summary_large_image","twitter_misc":{"Dur\u00e9e de lecture estim\u00e9e":"4 minutes"},"schema":{"@context":"https:\/\/schema.org","@graph":[{"@type":"WebPage","@id":"https:\/\/tomato-adora.com\/fr\/politique-donnees-personelles\/","url":"https:\/\/tomato-adora.com\/fr\/politique-donnees-personelles\/","name":"Politique donn\u00e9es personelles - Tomate adora","isPartOf":{"@id":"https:\/\/tomato-adora.com\/fr\/#website"},"datePublished":"2023-02-06T17:42:46+00:00","dateModified":"2023-02-24T13:10:13+00:00","breadcrumb":{"@id":"https:\/\/tomato-adora.com\/fr\/politique-donnees-personelles\/#breadcrumb"},"inLanguage":"fr-FR","potentialAction":[{"@type":"ReadAction","target":["https:\/\/tomato-adora.com\/fr\/politique-donnees-personelles\/"]}]},{"@type":"BreadcrumbList","@id":"https:\/\/tomato-adora.com\/fr\/politique-donnees-personelles\/#breadcrumb","itemListElement":[{"@type":"ListItem","position":1,"name":"Portada","item":"https:\/\/tomato-adora.com\/fr\/"},{"@type":"ListItem","position":2,"name":"Politique donn\u00e9es personelles"}]},{"@type":"WebSite","@id":"https:\/\/tomato-adora.com\/fr\/#website","url":"https:\/\/tomato-adora.com\/fr\/","name":"Tomate adora","description":"","potentialAction":[{"@type":"SearchAction","target":{"@type":"EntryPoint","urlTemplate":"https:\/\/tomato-adora.com\/fr\/?s={search_term_string}"},"query-input":{"@type":"PropertyValueSpecification","valueRequired":true,"valueName":"search_term_string"}}],"inLanguage":"fr-FR"}]}},"_links":{"self":[{"href":"https:\/\/tomato-adora.com\/fr\/wp-json\/wp\/v2\/pages\/521","targetHints":{"allow":["GET"]}}],"collection":[{"href":"https:\/\/tomato-adora.com\/fr\/wp-json\/wp\/v2\/pages"}],"about":[{"href":"https:\/\/tomato-adora.com\/fr\/wp-json\/wp\/v2\/types\/page"}],"author":[{"embeddable":true,"href":"https:\/\/tomato-adora.com\/fr\/wp-json\/wp\/v2\/users\/1"}],"replies":[{"embeddable":true,"href":"https:\/\/tomato-adora.com\/fr\/wp-json\/wp\/v2\/comments?post=521"}],"version-history":[{"count":8,"href":"https:\/\/tomato-adora.com\/fr\/wp-json\/wp\/v2\/pages\/521\/revisions"}],"predecessor-version":[{"id":622,"href":"https:\/\/tomato-adora.com\/fr\/wp-json\/wp\/v2\/pages\/521\/revisions\/622"}],"wp:attachment":[{"href":"https:\/\/tomato-adora.com\/fr\/wp-json\/wp\/v2\/media?parent=521"}],"curies":[{"name":"wp","href":"https:\/\/api.w.org\/{rel}","templated":true}]}}