{"id":544,"date":"2023-02-06T17:44:19","date_gmt":"2023-02-06T17:44:19","guid":{"rendered":"https:\/\/tomato-adora.com\/politique-des-cookies\/"},"modified":"2023-02-23T11:45:44","modified_gmt":"2023-02-23T11:45:44","slug":"politique-des-cookies","status":"publish","type":"page","link":"https:\/\/tomato-adora.com\/fr\/politique-des-cookies\/","title":{"rendered":"Politique des Cookies"},"content":{"rendered":"\t\t<div data-elementor-type=\"wp-page\" data-elementor-id=\"544\" class=\"elementor elementor-544 elementor-75\" data-elementor-post-type=\"page\">\n\t\t\t\t\t\t<section class=\"elementor-section elementor-top-section elementor-element elementor-element-59fcc65 elementor-section-full_width elementor-section-height-default elementor-section-height-default\" data-id=\"59fcc65\" data-element_type=\"section\" data-e-type=\"section\">\n\t\t\t\t\t\t<div class=\"elementor-container elementor-column-gap-default\">\n\t\t\t\t\t<div class=\"elementor-column elementor-col-100 elementor-top-column elementor-element elementor-element-96fd483\" data-id=\"96fd483\" data-element_type=\"column\" data-e-type=\"column\">\n\t\t\t<div class=\"elementor-widget-wrap elementor-element-populated\">\n\t\t\t\t\t\t<section class=\"elementor-section elementor-inner-section elementor-element elementor-element-55e0a60 elementor-section-full_width elementor-section-height-default elementor-section-height-default\" data-id=\"55e0a60\" data-element_type=\"section\" data-e-type=\"section\">\n\t\t\t\t\t\t<div class=\"elementor-container elementor-column-gap-default\">\n\t\t\t\t\t<div class=\"elementor-column elementor-col-100 elementor-inner-column elementor-element elementor-element-ed1e505\" data-id=\"ed1e505\" data-element_type=\"column\" data-e-type=\"column\">\n\t\t\t<div class=\"elementor-widget-wrap elementor-element-populated\">\n\t\t\t\t\t\t<div class=\"elementor-element elementor-element-b079ca1 elementor-widget elementor-widget-spacer\" data-id=\"b079ca1\" data-element_type=\"widget\" data-e-type=\"widget\" data-widget_type=\"spacer.default\">\n\t\t\t\t<div class=\"elementor-widget-container\">\n\t\t\t\t\t\t\t<div class=\"elementor-spacer\">\n\t\t\t<div class=\"elementor-spacer-inner\"><\/div>\n\t\t<\/div>\n\t\t\t\t\t\t<\/div>\n\t\t\t\t<\/div>\n\t\t\t\t<div class=\"elementor-element elementor-element-339ac6d animated-slow elementor-invisible elementor-widget elementor-widget-heading\" data-id=\"339ac6d\" data-element_type=\"widget\" data-e-type=\"widget\" data-settings=\"{&quot;_animation&quot;:&quot;fadeInLeft&quot;}\" data-widget_type=\"heading.default\">\n\t\t\t\t<div class=\"elementor-widget-container\">\n\t\t\t\t\t<h1 class=\"elementor-heading-title elementor-size-default\">POLITIQUE<br>DES COOKIES<\/h1>\t\t\t\t<\/div>\n\t\t\t\t<\/div>\n\t\t\t\t<div class=\"elementor-element elementor-element-42774b8 elementor-widget elementor-widget-spacer\" data-id=\"42774b8\" data-element_type=\"widget\" data-e-type=\"widget\" data-widget_type=\"spacer.default\">\n\t\t\t\t<div class=\"elementor-widget-container\">\n\t\t\t\t\t\t\t<div class=\"elementor-spacer\">\n\t\t\t<div class=\"elementor-spacer-inner\"><\/div>\n\t\t<\/div>\n\t\t\t\t\t\t<\/div>\n\t\t\t\t<\/div>\n\t\t\t\t\t<\/div>\n\t\t<\/div>\n\t\t\t\t\t<\/div>\n\t\t<\/section>\n\t\t\t\t\t<\/div>\n\t\t<\/div>\n\t\t\t\t\t<\/div>\n\t\t<\/section>\n\t\t\t\t<section class=\"elementor-section elementor-top-section elementor-element elementor-element-9cfc3fa elementor-section-full_width elementor-section-height-default elementor-section-height-default\" data-id=\"9cfc3fa\" data-element_type=\"section\" data-e-type=\"section\">\n\t\t\t\t\t\t<div class=\"elementor-container elementor-column-gap-default\">\n\t\t\t\t\t<div class=\"elementor-column elementor-col-100 elementor-top-column elementor-element elementor-element-1afca92\" data-id=\"1afca92\" data-element_type=\"column\" data-e-type=\"column\">\n\t\t\t<div class=\"elementor-widget-wrap elementor-element-populated\">\n\t\t\t\t\t\t<div class=\"elementor-element elementor-element-5185e37 elementor-widget elementor-widget-text-editor\" data-id=\"5185e37\" data-element_type=\"widget\" data-e-type=\"widget\" data-widget_type=\"text-editor.default\">\n\t\t\t\t<div class=\"elementor-widget-container\">\n\t\t\t\t\t\t\t\t\t<p>Au cours de votre visite sur notre site web www.tomato-adora.com, des fichiers appel\u00e9s cookies sont stock\u00e9s dans votre ordinateur, votre smartphone ou tablette.<\/p>\n<\/p>\n<h4>A) \u00c0 quoi servent les cookies ?<\/h4>\n<p>Un cookie est un fichier enregistr\u00e9 par votre navigateur dans le disque dur de votre terminal (PC, tablette, smartphone) pendant que vous consultez un site web. Un cookie permet au serveur d\u2019identifier le terminal (PC, tablette, smartphone) dans lequel il est enregistr\u00e9, pendant la dur\u00e9e de validit\u00e9 ou de stockage du cookie.<\/p>\n<\/p>\n<h4>B) Quels sont les cookies utilis\u00e9s sur le site web www.tomato-adora.com ?<\/h4>\n<p>Le site web www.tomato-adora.com utilise trois types de cookies :<\/p>\n<ul>\n<li>Cookies n\u00e9cessaires au bon fonctionnement du site web et principalement :\n<ul>\n<li>Cookies de session strictement n\u00e9cessaires pour l\u2019identification technique de la connexion. Les cookies sont conserv\u00e9s uniquement pendant la dur\u00e9e de votre connexion au site web.<\/li>\n<\/ul>\n<\/li>\n<li>Cookies \u00ab analytiques \u00bb destin\u00e9s \u00e0 analyser le trafic du site web (par exemple : les pages les plus consult\u00e9es, les demandes dans les moteurs de recherche&#8230;).<\/li>\n<li>Cookies g\u00e9r\u00e9s par des tiers et soumis aux politiques de gestion de ces tiers.<\/li>\n<\/ul>\n<h4>C) Comment refuser \/ supprimer des cookies :<\/h4>\n<p>En tant qu\u2019utilisateur, vous pouvez d\u00e9cider \u00e0 tout moment si vous souhaitez accepter ou non de stocker les cookies dans votre terminal (PC, tablette, smartphone).<\/p>\n<p>Si dans les param\u00e8tres de votre navigateur (par exemple : Microsoft Explorer, Google Chrome, Firefox, Safari\u2026) vous avez accept\u00e9 d\u2019enregistrer les cookies dans votre terminal, les cookies d\u00e9pos\u00e9s par les sites et contenus que vous avez visit\u00e9 seront stock\u00e9s temporairement dans un espace r\u00e9serv\u00e9 de votre terminal.<\/p>\n<p>Si vous refusez de stocker les cookies dans votre terminal ou que vous supprimez ceux d\u00e9j\u00e0 enregistr\u00e9s, vous ne pourrez plus profiter de certaines fonctionnalit\u00e9s de notre site web.<\/p>\n<p>Principaux proc\u00e9d\u00e9s permettant d\u2019accepter \/ de refuser ou de supprimer les cookies d\u00e9pos\u00e9s par notre site web :<\/p>\n<p>Remarque pr\u00e9alable : La plupart des navigateurs acceptent les cookies par d\u00e9faut. Vous pourrez toutefois d\u00e9cider de bloquer les cookies ou demander \u00e0 votre navigateur de vous avertir lorsqu\u2019un site web essaie d\u2019installer un cookie dans votre terminal.<\/p>\n<p>Pour modifier la gestion des cookies de votre navigateur, vous devez modifier les param\u00e8tres dans l\u2019onglet de confidentialit\u00e9.<\/p>\n<p>La configuration de chaque navigateur est diff\u00e9rente pour ce qui est de la gestion des cookies et de vos pr\u00e9f\u00e9rences. Elle est d\u00e9crite dans le menu d\u2019aide de votre navigateur. En le consultant, vous pourrez savoir comment modifier vos pr\u00e9f\u00e9rences concernant les cookies :<\/p>\n<p><a href=\"https:\/\/support.microsoft.com\/en-us\/help\/278835\/how-to-delete-cookie-files-in-internet-explorer\" target=\"_blank\" rel=\"noopener\">Pour Internet Explorer<\/a><br \/><a href=\"https:\/\/support.mozilla.org\/en-US\/kb\/clear-cookies-and-site-data-firefox\" target=\"_blank\" rel=\"noopener\">Pour Firefox<\/a><br \/><a href=\"https:\/\/support.apple.com\/en-in\/guide\/safari\/sfri11471\/mac\" target=\"_blank\" rel=\"noopener\">Pour Safari<\/a><br \/><a href=\"https:\/\/support.google.com\/accounts\/answer\/61416?hl=en\" target=\"_blank\" rel=\"noopener\">Pour Google Chrome<\/a><br \/><a href=\"https:\/\/help.opera.com\/en\/latest\/web-preferences\/#cookies\" target=\"_blank\" rel=\"noopener\">Pour Opera<\/a><\/p>\n<p><i>derni\u00e8re mise \u00e0 jour le 14\/10\/2020<\/i><\/p>\n\t\t\t\t\t\t\t\t<\/div>\n\t\t\t\t<\/div>\n\t\t\t\t\t<\/div>\n\t\t<\/div>\n\t\t\t\t\t<\/div>\n\t\t<\/section>\n\t\t\t\t<\/div>\n\t\t","protected":false},"excerpt":{"rendered":"<p>POLITIQUEDES COOKIES Au cours de votre visite sur notre site web www.tomato-adora.com, des fichiers appel\u00e9s cookies sont stock\u00e9s dans votre ordinateur, votre smartphone ou tablette. A) \u00c0 quoi servent les cookies ? Un cookie est un fichier enregistr\u00e9 par votre navigateur dans le disque dur de votre terminal (PC, tablette, smartphone) pendant que vous consultez [&hellip;]<\/p>\n","protected":false},"author":1,"featured_media":0,"parent":0,"menu_order":0,"comment_status":"closed","ping_status":"closed","template":"elementor_header_footer","meta":{"footnotes":""},"class_list":["post-544","page","type-page","status-publish","hentry"],"yoast_head":"<!-- This site is optimized with the Yoast SEO plugin v27.3 - https:\/\/yoast.com\/product\/yoast-seo-wordpress\/ -->\n<title>Politique des Cookies - Tomate adora<\/title>\n<meta name=\"robots\" content=\"index, follow, max-snippet:-1, max-image-preview:large, max-video-preview:-1\" \/>\n<link rel=\"canonical\" href=\"https:\/\/tomato-adora.com\/fr\/politique-des-cookies\/\" \/>\n<meta property=\"og:locale\" content=\"fr_FR\" \/>\n<meta property=\"og:type\" content=\"article\" \/>\n<meta property=\"og:title\" content=\"Politique des Cookies - Tomate adora\" \/>\n<meta property=\"og:description\" content=\"POLITIQUEDES COOKIES Au cours de votre visite sur notre site web www.tomato-adora.com, des fichiers appel\u00e9s cookies sont stock\u00e9s dans votre ordinateur, votre smartphone ou tablette. A) \u00c0 quoi servent les cookies ? Un cookie est un fichier enregistr\u00e9 par votre navigateur dans le disque dur de votre terminal (PC, tablette, smartphone) pendant que vous consultez [&hellip;]\" \/>\n<meta property=\"og:url\" content=\"https:\/\/tomato-adora.com\/fr\/politique-des-cookies\/\" \/>\n<meta property=\"og:site_name\" content=\"Tomate adora\" \/>\n<meta property=\"article:modified_time\" content=\"2023-02-23T11:45:44+00:00\" \/>\n<meta name=\"twitter:card\" content=\"summary_large_image\" \/>\n<meta name=\"twitter:label1\" content=\"Dur\u00e9e de lecture estim\u00e9e\" \/>\n\t<meta name=\"twitter:data1\" content=\"2 minutes\" \/>\n<script type=\"application\/ld+json\" class=\"yoast-schema-graph\">{\"@context\":\"https:\\\/\\\/schema.org\",\"@graph\":[{\"@type\":\"WebPage\",\"@id\":\"https:\\\/\\\/tomato-adora.com\\\/fr\\\/politique-des-cookies\\\/\",\"url\":\"https:\\\/\\\/tomato-adora.com\\\/fr\\\/politique-des-cookies\\\/\",\"name\":\"Politique des Cookies - Tomate adora\",\"isPartOf\":{\"@id\":\"https:\\\/\\\/tomato-adora.com\\\/fr\\\/#website\"},\"datePublished\":\"2023-02-06T17:44:19+00:00\",\"dateModified\":\"2023-02-23T11:45:44+00:00\",\"breadcrumb\":{\"@id\":\"https:\\\/\\\/tomato-adora.com\\\/fr\\\/politique-des-cookies\\\/#breadcrumb\"},\"inLanguage\":\"fr-FR\",\"potentialAction\":[{\"@type\":\"ReadAction\",\"target\":[\"https:\\\/\\\/tomato-adora.com\\\/fr\\\/politique-des-cookies\\\/\"]}]},{\"@type\":\"BreadcrumbList\",\"@id\":\"https:\\\/\\\/tomato-adora.com\\\/fr\\\/politique-des-cookies\\\/#breadcrumb\",\"itemListElement\":[{\"@type\":\"ListItem\",\"position\":1,\"name\":\"Portada\",\"item\":\"https:\\\/\\\/tomato-adora.com\\\/fr\\\/\"},{\"@type\":\"ListItem\",\"position\":2,\"name\":\"Politique des Cookies\"}]},{\"@type\":\"WebSite\",\"@id\":\"https:\\\/\\\/tomato-adora.com\\\/fr\\\/#website\",\"url\":\"https:\\\/\\\/tomato-adora.com\\\/fr\\\/\",\"name\":\"Tomate adora\",\"description\":\"\",\"potentialAction\":[{\"@type\":\"SearchAction\",\"target\":{\"@type\":\"EntryPoint\",\"urlTemplate\":\"https:\\\/\\\/tomato-adora.com\\\/fr\\\/?s={search_term_string}\"},\"query-input\":{\"@type\":\"PropertyValueSpecification\",\"valueRequired\":true,\"valueName\":\"search_term_string\"}}],\"inLanguage\":\"fr-FR\"}]}<\/script>\n<!-- \/ Yoast SEO plugin. -->","yoast_head_json":{"title":"Politique des Cookies - Tomate adora","robots":{"index":"index","follow":"follow","max-snippet":"max-snippet:-1","max-image-preview":"max-image-preview:large","max-video-preview":"max-video-preview:-1"},"canonical":"https:\/\/tomato-adora.com\/fr\/politique-des-cookies\/","og_locale":"fr_FR","og_type":"article","og_title":"Politique des Cookies - Tomate adora","og_description":"POLITIQUEDES COOKIES Au cours de votre visite sur notre site web www.tomato-adora.com, des fichiers appel\u00e9s cookies sont stock\u00e9s dans votre ordinateur, votre smartphone ou tablette. A) \u00c0 quoi servent les cookies ? Un cookie est un fichier enregistr\u00e9 par votre navigateur dans le disque dur de votre terminal (PC, tablette, smartphone) pendant que vous consultez [&hellip;]","og_url":"https:\/\/tomato-adora.com\/fr\/politique-des-cookies\/","og_site_name":"Tomate adora","article_modified_time":"2023-02-23T11:45:44+00:00","twitter_card":"summary_large_image","twitter_misc":{"Dur\u00e9e de lecture estim\u00e9e":"2 minutes"},"schema":{"@context":"https:\/\/schema.org","@graph":[{"@type":"WebPage","@id":"https:\/\/tomato-adora.com\/fr\/politique-des-cookies\/","url":"https:\/\/tomato-adora.com\/fr\/politique-des-cookies\/","name":"Politique des Cookies - Tomate adora","isPartOf":{"@id":"https:\/\/tomato-adora.com\/fr\/#website"},"datePublished":"2023-02-06T17:44:19+00:00","dateModified":"2023-02-23T11:45:44+00:00","breadcrumb":{"@id":"https:\/\/tomato-adora.com\/fr\/politique-des-cookies\/#breadcrumb"},"inLanguage":"fr-FR","potentialAction":[{"@type":"ReadAction","target":["https:\/\/tomato-adora.com\/fr\/politique-des-cookies\/"]}]},{"@type":"BreadcrumbList","@id":"https:\/\/tomato-adora.com\/fr\/politique-des-cookies\/#breadcrumb","itemListElement":[{"@type":"ListItem","position":1,"name":"Portada","item":"https:\/\/tomato-adora.com\/fr\/"},{"@type":"ListItem","position":2,"name":"Politique des Cookies"}]},{"@type":"WebSite","@id":"https:\/\/tomato-adora.com\/fr\/#website","url":"https:\/\/tomato-adora.com\/fr\/","name":"Tomate adora","description":"","potentialAction":[{"@type":"SearchAction","target":{"@type":"EntryPoint","urlTemplate":"https:\/\/tomato-adora.com\/fr\/?s={search_term_string}"},"query-input":{"@type":"PropertyValueSpecification","valueRequired":true,"valueName":"search_term_string"}}],"inLanguage":"fr-FR"}]}},"_links":{"self":[{"href":"https:\/\/tomato-adora.com\/fr\/wp-json\/wp\/v2\/pages\/544","targetHints":{"allow":["GET"]}}],"collection":[{"href":"https:\/\/tomato-adora.com\/fr\/wp-json\/wp\/v2\/pages"}],"about":[{"href":"https:\/\/tomato-adora.com\/fr\/wp-json\/wp\/v2\/types\/page"}],"author":[{"embeddable":true,"href":"https:\/\/tomato-adora.com\/fr\/wp-json\/wp\/v2\/users\/1"}],"replies":[{"embeddable":true,"href":"https:\/\/tomato-adora.com\/fr\/wp-json\/wp\/v2\/comments?post=544"}],"version-history":[{"count":6,"href":"https:\/\/tomato-adora.com\/fr\/wp-json\/wp\/v2\/pages\/544\/revisions"}],"predecessor-version":[{"id":569,"href":"https:\/\/tomato-adora.com\/fr\/wp-json\/wp\/v2\/pages\/544\/revisions\/569"}],"wp:attachment":[{"href":"https:\/\/tomato-adora.com\/fr\/wp-json\/wp\/v2\/media?parent=544"}],"curies":[{"name":"wp","href":"https:\/\/api.w.org\/{rel}","templated":true}]}}