{"id":701,"date":"2023-03-31T11:48:51","date_gmt":"2023-03-31T11:48:51","guid":{"rendered":"https:\/\/tomato-adora.com\/questions-frequemment-posees\/"},"modified":"2023-04-02T09:24:19","modified_gmt":"2023-04-02T09:24:19","slug":"questions-frequemment-posees","status":"publish","type":"page","link":"https:\/\/tomato-adora.com\/fr\/questions-frequemment-posees\/","title":{"rendered":"Questions fr\u00e9quemment pos\u00e9es"},"content":{"rendered":"\t\t<div data-elementor-type=\"wp-page\" data-elementor-id=\"701\" class=\"elementor elementor-701 elementor-687\" data-elementor-post-type=\"page\">\n\t\t\t\t\t\t<section class=\"elementor-section elementor-top-section elementor-element elementor-element-59fcc65 elementor-section-full_width elementor-section-height-default elementor-section-height-default\" data-id=\"59fcc65\" data-element_type=\"section\" data-e-type=\"section\">\n\t\t\t\t\t\t<div class=\"elementor-container elementor-column-gap-default\">\n\t\t\t\t\t<div class=\"elementor-column elementor-col-100 elementor-top-column elementor-element elementor-element-96fd483\" data-id=\"96fd483\" data-element_type=\"column\" data-e-type=\"column\">\n\t\t\t<div class=\"elementor-widget-wrap elementor-element-populated\">\n\t\t\t\t\t\t<section class=\"elementor-section elementor-inner-section elementor-element elementor-element-55e0a60 elementor-section-full_width elementor-section-height-default elementor-section-height-default\" data-id=\"55e0a60\" data-element_type=\"section\" data-e-type=\"section\">\n\t\t\t\t\t\t<div class=\"elementor-container elementor-column-gap-default\">\n\t\t\t\t\t<div class=\"elementor-column elementor-col-100 elementor-inner-column elementor-element elementor-element-ed1e505\" data-id=\"ed1e505\" data-element_type=\"column\" data-e-type=\"column\">\n\t\t\t<div class=\"elementor-widget-wrap elementor-element-populated\">\n\t\t\t\t\t\t<div class=\"elementor-element elementor-element-b079ca1 elementor-widget elementor-widget-spacer\" data-id=\"b079ca1\" data-element_type=\"widget\" data-e-type=\"widget\" data-widget_type=\"spacer.default\">\n\t\t\t\t<div class=\"elementor-widget-container\">\n\t\t\t\t\t\t\t<div class=\"elementor-spacer\">\n\t\t\t<div class=\"elementor-spacer-inner\"><\/div>\n\t\t<\/div>\n\t\t\t\t\t\t<\/div>\n\t\t\t\t<\/div>\n\t\t\t\t<div class=\"elementor-element elementor-element-339ac6d animated-slow elementor-invisible elementor-widget elementor-widget-heading\" data-id=\"339ac6d\" data-element_type=\"widget\" data-e-type=\"widget\" data-settings=\"{&quot;_animation&quot;:&quot;fadeInLeft&quot;}\" data-widget_type=\"heading.default\">\n\t\t\t\t<div class=\"elementor-widget-container\">\n\t\t\t\t\t<h1 class=\"elementor-heading-title elementor-size-default\">Questions<br> fr\u00e9quemment pos\u00e9es<\/h1>\t\t\t\t<\/div>\n\t\t\t\t<\/div>\n\t\t\t\t<div class=\"elementor-element elementor-element-42774b8 elementor-widget elementor-widget-spacer\" data-id=\"42774b8\" data-element_type=\"widget\" data-e-type=\"widget\" data-widget_type=\"spacer.default\">\n\t\t\t\t<div class=\"elementor-widget-container\">\n\t\t\t\t\t\t\t<div class=\"elementor-spacer\">\n\t\t\t<div class=\"elementor-spacer-inner\"><\/div>\n\t\t<\/div>\n\t\t\t\t\t\t<\/div>\n\t\t\t\t<\/div>\n\t\t\t\t\t<\/div>\n\t\t<\/div>\n\t\t\t\t\t<\/div>\n\t\t<\/section>\n\t\t\t\t\t<\/div>\n\t\t<\/div>\n\t\t\t\t\t<\/div>\n\t\t<\/section>\n\t\t\t\t<section class=\"elementor-section elementor-top-section elementor-element elementor-element-9cfc3fa elementor-section-full_width elementor-section-height-default elementor-section-height-default\" data-id=\"9cfc3fa\" data-element_type=\"section\" data-e-type=\"section\">\n\t\t\t\t\t\t<div class=\"elementor-container elementor-column-gap-default\">\n\t\t\t\t\t<div class=\"elementor-column elementor-col-100 elementor-top-column elementor-element elementor-element-1afca92\" data-id=\"1afca92\" data-element_type=\"column\" data-e-type=\"column\">\n\t\t\t<div class=\"elementor-widget-wrap elementor-element-populated\">\n\t\t\t\t\t\t<div class=\"elementor-element elementor-element-5185e37 elementor-widget elementor-widget-text-editor\" data-id=\"5185e37\" data-element_type=\"widget\" data-e-type=\"widget\" data-widget_type=\"text-editor.default\">\n\t\t\t\t<div class=\"elementor-widget-container\">\n\t\t\t\t\t\t\t\t\t<h4><strong>D&rsquo;o\u00f9 vient la tomate ADORA ?<\/strong><\/h4>\n<p>ADORA est issue de 60 ans de savoir-faire d\u00e9di\u00e9 \u00e0 la cr\u00e9ation de vari\u00e9t\u00e9s de tomates de Marmande<\/p>\n<p>ADORA est le r\u00e9sultat d&rsquo;une cr\u00e9ation vari\u00e9tale conventionnelle. Elle est la digne h\u00e9riti\u00e8re des vari\u00e9t\u00e9s cultiv\u00e9es et consomm\u00e9es dans une r\u00e9gion m\u00e9diterran\u00e9enne traditionnelle productrice de tomates.<\/p>\n<h4><strong>Qu&rsquo;est-ce qui rend ADORA unique?<\/strong><\/h4>\n<p>ADORA b\u00e9n\u00e9ficie des qualit\u00e9s intrins\u00e8ques des vari\u00e9t\u00e9s anciennes. Cependant, sa couleur originale, sa forme attrayante et sa saveur intense la distinguent nettement de toutes les autres tomates.<\/p>\n<h4><strong>O\u00f9 et comment ADORA est-elle produite ?<\/strong><\/h4>\n<p>La tomate ADORA est cultiv\u00e9e gr\u00e2ce au savoir-faire de producteurs passionn\u00e9s dans le parc naturel de Cabo de Gata en Andalousie, r\u00e9gion de production traditionnelle espagnole.<\/p>\n<p>Les producteurs d&rsquo;ADORA s&rsquo;engagent \u00e0 respecter des exigences sp\u00e9cifiques afin de garantir la mise sur le march\u00e9 de fruits de qualit\u00e9 sup\u00e9rieure tout au long de la saison.<\/p>\n<p>Comment les consommateurs per\u00e7oivent-ils ADORA ?<\/p>\n<p>Plusieurs groupes de discussion ont \u00e9t\u00e9 constitu\u00e9s parmi les consommateurs de diff\u00e9rents pays europ\u00e9ens. ADORA s&rsquo;est distingu\u00e9 par son originalit\u00e9 ainsi que par sa saveur exceptionnelle ; un ar\u00f4me, une saveur intense et une douceur qui invitent \u00e0 renouveler une exp\u00e9rience sensorielle unique.<\/p>\n<p>Manger ADORA est-il bon pour la sant\u00e9 ?<\/p>\n<p>Oui, la tomate ADORA est un produit pauvre en mati\u00e8res grasses et riche en antioxydants (lycop\u00e8nes, b\u00eata-carot\u00e8nes et tocoph\u00e9rols). Elle constitue \u00e9galement une bonne source de vitamines et de potassium.<\/p>\n<p>Comment puis-je profiter pleinement des bienfaits d&rsquo;ADORA ?<\/p>\n<p>Fra\u00eeche, coup\u00e9e en quartiers et arros\u00e9e d&rsquo;un filet d&rsquo;huile d&rsquo;olive, ADORA offre tous ses bienfaits nutritionnels. Mais il existe bien d&rsquo;autres fa\u00e7ons de cuisiner ADORA.<\/p>\n<h4><strong>Comment dois-je conserver ma tomate ADORA?<\/strong><\/h4>\n<p>ADORA est un produit exclusif qui peut \u00eatre conserv\u00e9 au r\u00e9frig\u00e9rateur afin de prolonger sa dur\u00e9e de vie. Il est recommand\u00e9 de la sortir du r\u00e9frig\u00e9rateur quelques heures avant de la consommer, afin qu&rsquo;elle retrouve sa saveur exceptionnelle.<\/p>\n<h4><strong>Quelle est la meilleure p\u00e9riode de l&rsquo;ann\u00e9e pour acheter ADORA ?<\/strong><\/h4>\n<p>ADORA est\u00e1 disponible principalmente en los puntos de venta desde principios ADORA est principalement disponible dans les points de vente de d\u00e9but novembre \u00e0 fin mai. C&rsquo;est la meilleure p\u00e9riode pour produire et vendre des fruits de qualit\u00e9 sup\u00e9rieure.<\/p>\n\t\t\t\t\t\t\t\t<\/div>\n\t\t\t\t<\/div>\n\t\t\t\t\t<\/div>\n\t\t<\/div>\n\t\t\t\t\t<\/div>\n\t\t<\/section>\n\t\t\t\t<\/div>\n\t\t","protected":false},"excerpt":{"rendered":"<p>Questions fr\u00e9quemment pos\u00e9es D&rsquo;o\u00f9 vient la tomate ADORA ? ADORA est issue de 60 ans de savoir-faire d\u00e9di\u00e9 \u00e0 la cr\u00e9ation de vari\u00e9t\u00e9s de tomates de Marmande ADORA est le r\u00e9sultat d&rsquo;une cr\u00e9ation vari\u00e9tale conventionnelle. Elle est la digne h\u00e9riti\u00e8re des vari\u00e9t\u00e9s cultiv\u00e9es et consomm\u00e9es dans une r\u00e9gion m\u00e9diterran\u00e9enne traditionnelle productrice de tomates. Qu&rsquo;est-ce qui [&hellip;]<\/p>\n","protected":false},"author":1,"featured_media":0,"parent":0,"menu_order":0,"comment_status":"closed","ping_status":"closed","template":"elementor_header_footer","meta":{"footnotes":""},"class_list":["post-701","page","type-page","status-publish","hentry"],"yoast_head":"<!-- This site is optimized with the Yoast SEO plugin v27.4 - https:\/\/yoast.com\/product\/yoast-seo-wordpress\/ -->\n<title>Questions fr\u00e9quemment pos\u00e9es - Tomate adora<\/title>\n<meta name=\"robots\" content=\"index, follow, max-snippet:-1, max-image-preview:large, max-video-preview:-1\" \/>\n<link rel=\"canonical\" href=\"https:\/\/tomato-adora.com\/fr\/questions-frequemment-posees\/\" \/>\n<meta property=\"og:locale\" content=\"fr_FR\" \/>\n<meta property=\"og:type\" content=\"article\" \/>\n<meta property=\"og:title\" content=\"Questions fr\u00e9quemment pos\u00e9es - Tomate adora\" \/>\n<meta property=\"og:description\" content=\"Questions fr\u00e9quemment pos\u00e9es D&rsquo;o\u00f9 vient la tomate ADORA ? ADORA est issue de 60 ans de savoir-faire d\u00e9di\u00e9 \u00e0 la cr\u00e9ation de vari\u00e9t\u00e9s de tomates de Marmande ADORA est le r\u00e9sultat d&rsquo;une cr\u00e9ation vari\u00e9tale conventionnelle. Elle est la digne h\u00e9riti\u00e8re des vari\u00e9t\u00e9s cultiv\u00e9es et consomm\u00e9es dans une r\u00e9gion m\u00e9diterran\u00e9enne traditionnelle productrice de tomates. Qu&rsquo;est-ce qui [&hellip;]\" \/>\n<meta property=\"og:url\" content=\"https:\/\/tomato-adora.com\/fr\/questions-frequemment-posees\/\" \/>\n<meta property=\"og:site_name\" content=\"Tomate adora\" \/>\n<meta property=\"article:modified_time\" content=\"2023-04-02T09:24:19+00:00\" \/>\n<meta name=\"twitter:card\" content=\"summary_large_image\" \/>\n<meta name=\"twitter:label1\" content=\"Dur\u00e9e de lecture estim\u00e9e\" \/>\n\t<meta name=\"twitter:data1\" content=\"2 minutes\" \/>\n<script type=\"application\/ld+json\" class=\"yoast-schema-graph\">{\"@context\":\"https:\\\/\\\/schema.org\",\"@graph\":[{\"@type\":\"WebPage\",\"@id\":\"https:\\\/\\\/tomato-adora.com\\\/fr\\\/questions-frequemment-posees\\\/\",\"url\":\"https:\\\/\\\/tomato-adora.com\\\/fr\\\/questions-frequemment-posees\\\/\",\"name\":\"Questions fr\u00e9quemment pos\u00e9es - Tomate adora\",\"isPartOf\":{\"@id\":\"https:\\\/\\\/tomato-adora.com\\\/fr\\\/#website\"},\"datePublished\":\"2023-03-31T11:48:51+00:00\",\"dateModified\":\"2023-04-02T09:24:19+00:00\",\"breadcrumb\":{\"@id\":\"https:\\\/\\\/tomato-adora.com\\\/fr\\\/questions-frequemment-posees\\\/#breadcrumb\"},\"inLanguage\":\"fr-FR\",\"potentialAction\":[{\"@type\":\"ReadAction\",\"target\":[\"https:\\\/\\\/tomato-adora.com\\\/fr\\\/questions-frequemment-posees\\\/\"]}]},{\"@type\":\"BreadcrumbList\",\"@id\":\"https:\\\/\\\/tomato-adora.com\\\/fr\\\/questions-frequemment-posees\\\/#breadcrumb\",\"itemListElement\":[{\"@type\":\"ListItem\",\"position\":1,\"name\":\"Portada\",\"item\":\"https:\\\/\\\/tomato-adora.com\\\/fr\\\/\"},{\"@type\":\"ListItem\",\"position\":2,\"name\":\"Questions fr\u00e9quemment pos\u00e9es\"}]},{\"@type\":\"WebSite\",\"@id\":\"https:\\\/\\\/tomato-adora.com\\\/fr\\\/#website\",\"url\":\"https:\\\/\\\/tomato-adora.com\\\/fr\\\/\",\"name\":\"Tomate adora\",\"description\":\"\",\"potentialAction\":[{\"@type\":\"SearchAction\",\"target\":{\"@type\":\"EntryPoint\",\"urlTemplate\":\"https:\\\/\\\/tomato-adora.com\\\/fr\\\/?s={search_term_string}\"},\"query-input\":{\"@type\":\"PropertyValueSpecification\",\"valueRequired\":true,\"valueName\":\"search_term_string\"}}],\"inLanguage\":\"fr-FR\"}]}<\/script>\n<!-- \/ Yoast SEO plugin. -->","yoast_head_json":{"title":"Questions fr\u00e9quemment pos\u00e9es - Tomate adora","robots":{"index":"index","follow":"follow","max-snippet":"max-snippet:-1","max-image-preview":"max-image-preview:large","max-video-preview":"max-video-preview:-1"},"canonical":"https:\/\/tomato-adora.com\/fr\/questions-frequemment-posees\/","og_locale":"fr_FR","og_type":"article","og_title":"Questions fr\u00e9quemment pos\u00e9es - Tomate adora","og_description":"Questions fr\u00e9quemment pos\u00e9es D&rsquo;o\u00f9 vient la tomate ADORA ? ADORA est issue de 60 ans de savoir-faire d\u00e9di\u00e9 \u00e0 la cr\u00e9ation de vari\u00e9t\u00e9s de tomates de Marmande ADORA est le r\u00e9sultat d&rsquo;une cr\u00e9ation vari\u00e9tale conventionnelle. Elle est la digne h\u00e9riti\u00e8re des vari\u00e9t\u00e9s cultiv\u00e9es et consomm\u00e9es dans une r\u00e9gion m\u00e9diterran\u00e9enne traditionnelle productrice de tomates. Qu&rsquo;est-ce qui [&hellip;]","og_url":"https:\/\/tomato-adora.com\/fr\/questions-frequemment-posees\/","og_site_name":"Tomate adora","article_modified_time":"2023-04-02T09:24:19+00:00","twitter_card":"summary_large_image","twitter_misc":{"Dur\u00e9e de lecture estim\u00e9e":"2 minutes"},"schema":{"@context":"https:\/\/schema.org","@graph":[{"@type":"WebPage","@id":"https:\/\/tomato-adora.com\/fr\/questions-frequemment-posees\/","url":"https:\/\/tomato-adora.com\/fr\/questions-frequemment-posees\/","name":"Questions fr\u00e9quemment pos\u00e9es - Tomate adora","isPartOf":{"@id":"https:\/\/tomato-adora.com\/fr\/#website"},"datePublished":"2023-03-31T11:48:51+00:00","dateModified":"2023-04-02T09:24:19+00:00","breadcrumb":{"@id":"https:\/\/tomato-adora.com\/fr\/questions-frequemment-posees\/#breadcrumb"},"inLanguage":"fr-FR","potentialAction":[{"@type":"ReadAction","target":["https:\/\/tomato-adora.com\/fr\/questions-frequemment-posees\/"]}]},{"@type":"BreadcrumbList","@id":"https:\/\/tomato-adora.com\/fr\/questions-frequemment-posees\/#breadcrumb","itemListElement":[{"@type":"ListItem","position":1,"name":"Portada","item":"https:\/\/tomato-adora.com\/fr\/"},{"@type":"ListItem","position":2,"name":"Questions fr\u00e9quemment pos\u00e9es"}]},{"@type":"WebSite","@id":"https:\/\/tomato-adora.com\/fr\/#website","url":"https:\/\/tomato-adora.com\/fr\/","name":"Tomate adora","description":"","potentialAction":[{"@type":"SearchAction","target":{"@type":"EntryPoint","urlTemplate":"https:\/\/tomato-adora.com\/fr\/?s={search_term_string}"},"query-input":{"@type":"PropertyValueSpecification","valueRequired":true,"valueName":"search_term_string"}}],"inLanguage":"fr-FR"}]}},"_links":{"self":[{"href":"https:\/\/tomato-adora.com\/fr\/wp-json\/wp\/v2\/pages\/701","targetHints":{"allow":["GET"]}}],"collection":[{"href":"https:\/\/tomato-adora.com\/fr\/wp-json\/wp\/v2\/pages"}],"about":[{"href":"https:\/\/tomato-adora.com\/fr\/wp-json\/wp\/v2\/types\/page"}],"author":[{"embeddable":true,"href":"https:\/\/tomato-adora.com\/fr\/wp-json\/wp\/v2\/users\/1"}],"replies":[{"embeddable":true,"href":"https:\/\/tomato-adora.com\/fr\/wp-json\/wp\/v2\/comments?post=701"}],"version-history":[{"count":6,"href":"https:\/\/tomato-adora.com\/fr\/wp-json\/wp\/v2\/pages\/701\/revisions"}],"predecessor-version":[{"id":711,"href":"https:\/\/tomato-adora.com\/fr\/wp-json\/wp\/v2\/pages\/701\/revisions\/711"}],"wp:attachment":[{"href":"https:\/\/tomato-adora.com\/fr\/wp-json\/wp\/v2\/media?parent=701"}],"curies":[{"name":"wp","href":"https:\/\/api.w.org\/{rel}","templated":true}]}}